{"id":243,"date":"2024-10-08T08:25:02","date_gmt":"2024-10-08T06:25:02","guid":{"rendered":"https:\/\/bugpowerstore.hu\/?page_id=243"},"modified":"2025-04-30T18:46:47","modified_gmt":"2025-04-30T16:46:47","slug":"impresszum","status":"publish","type":"page","link":"https:\/\/bugpowerstore.hu\/en\/impresszum\/","title":{"rendered":"Legal notice"},"content":{"rendered":"<figure class=\"wp-block-table is-style-regular\"><table class=\"has-fixed-layout\"><tbody><tr><td>Company name<\/td><td>KELVIN KL\u00cdMA Kft.<\/td><\/tr><tr><td>Address<\/td><td>Magyarorsz\u00e1g, 2440 Sz\u00e1zhalombatta, Honfoglal\u00e1s utca 33.<\/td><\/tr><tr><td>Company registration number<\/td><td>13 09 090560<\/td><\/tr><tr><td>Tax number<\/td><td>12807017213<\/td><\/tr><tr><td>Phone<\/td><td>+36 30 123 1234<\/td><\/tr><tr><td>Email:<\/td><td>bugpowerstore@gmail.com<\/td><\/tr><tr><td>Website<\/td><td>https:\/\/bugpowerstore.hu<\/td><\/tr><tr><td><\/td><td><\/td><\/tr><tr><td>Hosting provider<\/td><td>RACKFOREST INFORMATIKAI KFT.<\/td><\/tr><tr><td>Address<\/td><td>Magyarorsz\u00e1g, 1132 Budapest, Victor Hugo utca 11. em. B05001.<\/td><\/tr><tr><td>Tax number<\/td><td>32056842-2-41<\/td><\/tr><tr><td>Email:<\/td><td>info@rackforest.hu<\/td><\/tr><\/tbody><\/table><\/figure>","protected":false},"excerpt":{"rendered":"<p>C\u00e9gn\u00e9v: KELVIN KL\u00cdMA Kft. C\u00edm: Magyarorsz\u00e1g, 2440 Sz\u00e1zhalombatta, Honfoglal\u00e1s utca 33. C\u00e9gjegyz\u00e9ksz\u00e1m: 13 09 090560 Ad\u00f3sz\u00e1m: 12807017213 Telefonsz\u00e1m: +36 30 123 1234 Email: bugpowerstore@gmail.com Weboldal: https:\/\/bugpowerstore.hu T\u00e1rhely szolg\u00e1ltat\u00f3: RACKFOREST INFORMATIKAI KFT. C\u00edm: Magyarorsz\u00e1g, 1132 Budapest, Victor Hugo utca 11. em. B05001. Ad\u00f3sz\u00e1m: 32056842-2-41 Email: info@rackforest.hu<\/p>","protected":false},"author":1,"featured_media":0,"parent":0,"menu_order":0,"comment_status":"closed","ping_status":"closed","template":"","meta":{"footnotes":""},"class_list":["post-243","page","type-page","status-publish","hentry"],"yoast_head":"<!-- This site is optimized with the Yoast SEO plugin v27.5 - https:\/\/yoast.com\/product\/yoast-seo-wordpress\/ -->\n<title>Impresszum - Bug Power Store<\/title>\n<meta name=\"description\" content=\"Bug Power Store impresszum: Ismerje meg c\u00e9g\u00fcnket, a KELVIN KL\u00cdMA Kft.-t! Kapcsolati \u00e9s c\u00e9gadatok a Volkswagen Bog\u00e1r alkatr\u00e9szeket k\u00edn\u00e1l\u00f3 web\u00e1ruh\u00e1zunkhoz. Forduljon hozz\u00e1nk bizalommal k\u00e9rd\u00e9seivel!\" \/>\n<meta name=\"robots\" content=\"index, follow, max-snippet:-1, max-image-preview:large, max-video-preview:-1\" \/>\n<link rel=\"canonical\" href=\"https:\/\/bugpowerstore.hu\/en\/impresszum\/\" \/>\n<meta property=\"og:locale\" content=\"en_GB\" \/>\n<meta property=\"og:type\" content=\"article\" \/>\n<meta property=\"og:title\" content=\"Impresszum - Bug Power Store\" \/>\n<meta property=\"og:description\" content=\"Bug Power Store impresszum: Ismerje meg c\u00e9g\u00fcnket, a KELVIN KL\u00cdMA Kft.-t! Kapcsolati \u00e9s c\u00e9gadatok a Volkswagen Bog\u00e1r alkatr\u00e9szeket k\u00edn\u00e1l\u00f3 web\u00e1ruh\u00e1zunkhoz. Forduljon hozz\u00e1nk bizalommal k\u00e9rd\u00e9seivel!\" \/>\n<meta property=\"og:url\" content=\"https:\/\/bugpowerstore.hu\/en\/impresszum\/\" \/>\n<meta property=\"og:site_name\" content=\"Bug Power Store\" \/>\n<meta property=\"article:publisher\" content=\"https:\/\/www.facebook.com\/profile.php?id=61565662312017\" \/>\n<meta property=\"article:modified_time\" content=\"2025-04-30T16:46:47+00:00\" \/>\n<meta name=\"twitter:card\" content=\"summary_large_image\" \/>\n<meta name=\"twitter:label1\" content=\"Estimated reading time\" \/>\n\t<meta name=\"twitter:data1\" content=\"1 minute\" \/>\n<script type=\"application\/ld+json\" class=\"yoast-schema-graph\">{\"@context\":\"https:\\\/\\\/schema.org\",\"@graph\":[{\"@type\":\"WebPage\",\"@id\":\"https:\\\/\\\/bugpowerstore.hu\\\/impresszum\\\/\",\"url\":\"https:\\\/\\\/bugpowerstore.hu\\\/impresszum\\\/\",\"name\":\"Impresszum - Bug Power Store\",\"isPartOf\":{\"@id\":\"https:\\\/\\\/bugpowerstore.hu\\\/#website\"},\"datePublished\":\"2024-10-08T06:25:02+00:00\",\"dateModified\":\"2025-04-30T16:46:47+00:00\",\"description\":\"Bug Power Store impresszum: Ismerje meg c\u00e9g\u00fcnket, a KELVIN KL\u00cdMA Kft.-t! Kapcsolati \u00e9s c\u00e9gadatok a Volkswagen Bog\u00e1r alkatr\u00e9szeket k\u00edn\u00e1l\u00f3 web\u00e1ruh\u00e1zunkhoz. Forduljon hozz\u00e1nk bizalommal k\u00e9rd\u00e9seivel!\",\"breadcrumb\":{\"@id\":\"https:\\\/\\\/bugpowerstore.hu\\\/impresszum\\\/#breadcrumb\"},\"inLanguage\":\"en-GB\",\"potentialAction\":[{\"@type\":\"ReadAction\",\"target\":[\"https:\\\/\\\/bugpowerstore.hu\\\/impresszum\\\/\"]}]},{\"@type\":\"BreadcrumbList\",\"@id\":\"https:\\\/\\\/bugpowerstore.hu\\\/impresszum\\\/#breadcrumb\",\"itemListElement\":[{\"@type\":\"ListItem\",\"position\":1,\"name\":\"Kezd\u0151lap\",\"item\":\"https:\\\/\\\/bugpowerstore.hu\\\/\"},{\"@type\":\"ListItem\",\"position\":2,\"name\":\"Impresszum\"}]},{\"@type\":\"WebSite\",\"@id\":\"https:\\\/\\\/bugpowerstore.hu\\\/#website\",\"url\":\"https:\\\/\\\/bugpowerstore.hu\\\/\",\"name\":\"Bug Power Store\",\"description\":\"\",\"publisher\":{\"@id\":\"https:\\\/\\\/bugpowerstore.hu\\\/#organization\"},\"potentialAction\":[{\"@type\":\"SearchAction\",\"target\":{\"@type\":\"EntryPoint\",\"urlTemplate\":\"https:\\\/\\\/bugpowerstore.hu\\\/?s={search_term_string}\"},\"query-input\":{\"@type\":\"PropertyValueSpecification\",\"valueRequired\":true,\"valueName\":\"search_term_string\"}}],\"inLanguage\":\"en-GB\"},{\"@type\":\"Organization\",\"@id\":\"https:\\\/\\\/bugpowerstore.hu\\\/#organization\",\"name\":\"Bug Power Store\",\"url\":\"https:\\\/\\\/bugpowerstore.hu\\\/\",\"logo\":{\"@type\":\"ImageObject\",\"inLanguage\":\"en-GB\",\"@id\":\"https:\\\/\\\/bugpowerstore.hu\\\/#\\\/schema\\\/logo\\\/image\\\/\",\"url\":\"https:\\\/\\\/bugpowerstore.hu\\\/wp-content\\\/uploads\\\/2024\\\/09\\\/bps-logo.png\",\"contentUrl\":\"https:\\\/\\\/bugpowerstore.hu\\\/wp-content\\\/uploads\\\/2024\\\/09\\\/bps-logo.png\",\"width\":382,\"height\":382,\"caption\":\"Bug Power Store\"},\"image\":{\"@id\":\"https:\\\/\\\/bugpowerstore.hu\\\/#\\\/schema\\\/logo\\\/image\\\/\"},\"sameAs\":[\"https:\\\/\\\/www.facebook.com\\\/profile.php?id=61565662312017\",\"https:\\\/\\\/www.youtube.com\\\/@peterbudahazy4233\"]}]}<\/script>\n<!-- \/ Yoast SEO plugin. -->","yoast_head_json":{"title":"Impresszum - Bug Power Store","description":"Bug Power Store impresszum: Ismerje meg c\u00e9g\u00fcnket, a KELVIN KL\u00cdMA Kft.-t! Kapcsolati \u00e9s c\u00e9gadatok a Volkswagen Bog\u00e1r alkatr\u00e9szeket k\u00edn\u00e1l\u00f3 web\u00e1ruh\u00e1zunkhoz. Forduljon hozz\u00e1nk bizalommal k\u00e9rd\u00e9seivel!","robots":{"index":"index","follow":"follow","max-snippet":"max-snippet:-1","max-image-preview":"max-image-preview:large","max-video-preview":"max-video-preview:-1"},"canonical":"https:\/\/bugpowerstore.hu\/en\/impresszum\/","og_locale":"en_GB","og_type":"article","og_title":"Impresszum - Bug Power Store","og_description":"Bug Power Store impresszum: Ismerje meg c\u00e9g\u00fcnket, a KELVIN KL\u00cdMA Kft.-t! Kapcsolati \u00e9s c\u00e9gadatok a Volkswagen Bog\u00e1r alkatr\u00e9szeket k\u00edn\u00e1l\u00f3 web\u00e1ruh\u00e1zunkhoz. Forduljon hozz\u00e1nk bizalommal k\u00e9rd\u00e9seivel!","og_url":"https:\/\/bugpowerstore.hu\/en\/impresszum\/","og_site_name":"Bug Power Store","article_publisher":"https:\/\/www.facebook.com\/profile.php?id=61565662312017","article_modified_time":"2025-04-30T16:46:47+00:00","twitter_card":"summary_large_image","twitter_misc":{"Estimated reading time":"1 minute"},"schema":{"@context":"https:\/\/schema.org","@graph":[{"@type":"WebPage","@id":"https:\/\/bugpowerstore.hu\/impresszum\/","url":"https:\/\/bugpowerstore.hu\/impresszum\/","name":"Impresszum - Bug Power Store","isPartOf":{"@id":"https:\/\/bugpowerstore.hu\/#website"},"datePublished":"2024-10-08T06:25:02+00:00","dateModified":"2025-04-30T16:46:47+00:00","description":"Bug Power Store impresszum: Ismerje meg c\u00e9g\u00fcnket, a KELVIN KL\u00cdMA Kft.-t! Kapcsolati \u00e9s c\u00e9gadatok a Volkswagen Bog\u00e1r alkatr\u00e9szeket k\u00edn\u00e1l\u00f3 web\u00e1ruh\u00e1zunkhoz. Forduljon hozz\u00e1nk bizalommal k\u00e9rd\u00e9seivel!","breadcrumb":{"@id":"https:\/\/bugpowerstore.hu\/impresszum\/#breadcrumb"},"inLanguage":"en-GB","potentialAction":[{"@type":"ReadAction","target":["https:\/\/bugpowerstore.hu\/impresszum\/"]}]},{"@type":"BreadcrumbList","@id":"https:\/\/bugpowerstore.hu\/impresszum\/#breadcrumb","itemListElement":[{"@type":"ListItem","position":1,"name":"Kezd\u0151lap","item":"https:\/\/bugpowerstore.hu\/"},{"@type":"ListItem","position":2,"name":"Impresszum"}]},{"@type":"WebSite","@id":"https:\/\/bugpowerstore.hu\/#website","url":"https:\/\/bugpowerstore.hu\/","name":"Bug Power Store","description":"","publisher":{"@id":"https:\/\/bugpowerstore.hu\/#organization"},"potentialAction":[{"@type":"SearchAction","target":{"@type":"EntryPoint","urlTemplate":"https:\/\/bugpowerstore.hu\/?s={search_term_string}"},"query-input":{"@type":"PropertyValueSpecification","valueRequired":true,"valueName":"search_term_string"}}],"inLanguage":"en-GB"},{"@type":"Organization","@id":"https:\/\/bugpowerstore.hu\/#organization","name":"Bug Power Store","url":"https:\/\/bugpowerstore.hu\/","logo":{"@type":"ImageObject","inLanguage":"en-GB","@id":"https:\/\/bugpowerstore.hu\/#\/schema\/logo\/image\/","url":"https:\/\/bugpowerstore.hu\/wp-content\/uploads\/2024\/09\/bps-logo.png","contentUrl":"https:\/\/bugpowerstore.hu\/wp-content\/uploads\/2024\/09\/bps-logo.png","width":382,"height":382,"caption":"Bug Power Store"},"image":{"@id":"https:\/\/bugpowerstore.hu\/#\/schema\/logo\/image\/"},"sameAs":["https:\/\/www.facebook.com\/profile.php?id=61565662312017","https:\/\/www.youtube.com\/@peterbudahazy4233"]}]}},"_links":{"self":[{"href":"https:\/\/bugpowerstore.hu\/en\/wp-json\/wp\/v2\/pages\/243","targetHints":{"allow":["GET"]}}],"collection":[{"href":"https:\/\/bugpowerstore.hu\/en\/wp-json\/wp\/v2\/pages"}],"about":[{"href":"https:\/\/bugpowerstore.hu\/en\/wp-json\/wp\/v2\/types\/page"}],"author":[{"embeddable":true,"href":"https:\/\/bugpowerstore.hu\/en\/wp-json\/wp\/v2\/users\/1"}],"replies":[{"embeddable":true,"href":"https:\/\/bugpowerstore.hu\/en\/wp-json\/wp\/v2\/comments?post=243"}],"version-history":[{"count":8,"href":"https:\/\/bugpowerstore.hu\/en\/wp-json\/wp\/v2\/pages\/243\/revisions"}],"predecessor-version":[{"id":312,"href":"https:\/\/bugpowerstore.hu\/en\/wp-json\/wp\/v2\/pages\/243\/revisions\/312"}],"wp:attachment":[{"href":"https:\/\/bugpowerstore.hu\/en\/wp-json\/wp\/v2\/media?parent=243"}],"curies":[{"name":"wp","href":"https:\/\/api.w.org\/{rel}","templated":true}]}}