{"id":257,"date":"2024-10-08T09:28:17","date_gmt":"2024-10-08T07:28:17","guid":{"rendered":"https:\/\/bugpowerstore.hu\/?page_id=257"},"modified":"2024-11-02T03:22:27","modified_gmt":"2024-11-02T02:22:27","slug":"cookie-tajekoztato","status":"publish","type":"page","link":"https:\/\/bugpowerstore.hu\/en\/cookie-tajekoztato\/","title":{"rendered":"Cookie notice"},"content":{"rendered":"<p>We store cookies to ensure the proper functioning of the site. These can be grouped into the following categories:<\/p>\n\n\n\n<ul class=\"wp-block-list\">\n<li>Cookies closely related to the operation: storing session or shopping cart identifiers, language<\/li>\n\n\n\n<li>Security cookies: cookies used by Google Recaptcha<\/li>\n\n\n\n<li>Site tracking cookies: they help us make our site more effective<\/li>\n<\/ul>\n\n\n\n<p>No personal data is stored in cookies, either directly or in encrypted form. The cookies used by the site have a lifetime of 1 year.<\/p>\n\n\n\n<p><\/p>","protected":false},"excerpt":{"rendered":"<p>Az oldal megfelel\u0151 m\u0171k\u00f6d\u00e9s\u00e9hez s\u00fctiket (Cookie) t\u00e1rolunk. Ezeket az al\u00e1bbi kateg\u00f3ri\u00e1kba sorolhatjuk: A s\u00fctikben nem t\u00e1rolunk szem\u00e9lyes adatot, se direkt, se titkos\u00edtott form\u00e1ban. Az oldal \u00e1ltal haszn\u00e1lt s\u00fctik \u00e9lettartama 1 \u00e9v.<\/p>","protected":false},"author":1,"featured_media":0,"parent":0,"menu_order":0,"comment_status":"closed","ping_status":"closed","template":"","meta":{"footnotes":""},"class_list":["post-257","page","type-page","status-publish","hentry"],"yoast_head":"<!-- This site is optimized with the Yoast SEO plugin v27.5 - https:\/\/yoast.com\/product\/yoast-seo-wordpress\/ -->\n<title>Cookie t\u00e1j\u00e9koztat\u00f3 - Bug Power Store<\/title>\n<meta name=\"description\" content=\"Ismerje meg a Bug Power Store s\u00fctikezel\u00e9si t\u00e1j\u00e9koztat\u00f3j\u00e1t! R\u00e9szletes inform\u00e1ci\u00f3k a s\u00fctik t\u00edpusair\u00f3l, m\u0171k\u00f6d\u00e9s\u00e9r\u0151l \u00e9s adatv\u00e9delmi be\u00e1ll\u00edt\u00e1sokr\u00f3l, hogy biztons\u00e1gosan b\u00f6ng\u00e9szhessen weboldalunkon.\" \/>\n<meta name=\"robots\" content=\"index, follow, max-snippet:-1, max-image-preview:large, max-video-preview:-1\" \/>\n<link rel=\"canonical\" href=\"https:\/\/bugpowerstore.hu\/en\/cookie-tajekoztato\/\" \/>\n<meta property=\"og:locale\" content=\"en_GB\" \/>\n<meta property=\"og:type\" content=\"article\" \/>\n<meta property=\"og:title\" content=\"Cookie t\u00e1j\u00e9koztat\u00f3 - Bug Power Store\" \/>\n<meta property=\"og:description\" content=\"Ismerje meg a Bug Power Store s\u00fctikezel\u00e9si t\u00e1j\u00e9koztat\u00f3j\u00e1t! R\u00e9szletes inform\u00e1ci\u00f3k a s\u00fctik t\u00edpusair\u00f3l, m\u0171k\u00f6d\u00e9s\u00e9r\u0151l \u00e9s adatv\u00e9delmi be\u00e1ll\u00edt\u00e1sokr\u00f3l, hogy biztons\u00e1gosan b\u00f6ng\u00e9szhessen weboldalunkon.\" \/>\n<meta property=\"og:url\" content=\"https:\/\/bugpowerstore.hu\/en\/cookie-tajekoztato\/\" \/>\n<meta property=\"og:site_name\" content=\"Bug Power Store\" \/>\n<meta property=\"article:publisher\" content=\"https:\/\/www.facebook.com\/profile.php?id=61565662312017\" \/>\n<meta property=\"article:modified_time\" content=\"2024-11-02T02:22:27+00:00\" \/>\n<meta name=\"twitter:card\" content=\"summary_large_image\" \/>\n<meta name=\"twitter:label1\" content=\"Estimated reading time\" \/>\n\t<meta name=\"twitter:data1\" content=\"1 minute\" \/>\n<script type=\"application\/ld+json\" class=\"yoast-schema-graph\">{\"@context\":\"https:\\\/\\\/schema.org\",\"@graph\":[{\"@type\":\"WebPage\",\"@id\":\"https:\\\/\\\/bugpowerstore.hu\\\/cookie-tajekoztato\\\/\",\"url\":\"https:\\\/\\\/bugpowerstore.hu\\\/cookie-tajekoztato\\\/\",\"name\":\"Cookie t\u00e1j\u00e9koztat\u00f3 - Bug Power Store\",\"isPartOf\":{\"@id\":\"https:\\\/\\\/bugpowerstore.hu\\\/#website\"},\"datePublished\":\"2024-10-08T07:28:17+00:00\",\"dateModified\":\"2024-11-02T02:22:27+00:00\",\"description\":\"Ismerje meg a Bug Power Store s\u00fctikezel\u00e9si t\u00e1j\u00e9koztat\u00f3j\u00e1t! R\u00e9szletes inform\u00e1ci\u00f3k a s\u00fctik t\u00edpusair\u00f3l, m\u0171k\u00f6d\u00e9s\u00e9r\u0151l \u00e9s adatv\u00e9delmi be\u00e1ll\u00edt\u00e1sokr\u00f3l, hogy biztons\u00e1gosan b\u00f6ng\u00e9szhessen weboldalunkon.\",\"breadcrumb\":{\"@id\":\"https:\\\/\\\/bugpowerstore.hu\\\/cookie-tajekoztato\\\/#breadcrumb\"},\"inLanguage\":\"en-GB\",\"potentialAction\":[{\"@type\":\"ReadAction\",\"target\":[\"https:\\\/\\\/bugpowerstore.hu\\\/cookie-tajekoztato\\\/\"]}]},{\"@type\":\"BreadcrumbList\",\"@id\":\"https:\\\/\\\/bugpowerstore.hu\\\/cookie-tajekoztato\\\/#breadcrumb\",\"itemListElement\":[{\"@type\":\"ListItem\",\"position\":1,\"name\":\"Kezd\u0151lap\",\"item\":\"https:\\\/\\\/bugpowerstore.hu\\\/\"},{\"@type\":\"ListItem\",\"position\":2,\"name\":\"Cookie t\u00e1j\u00e9koztat\u00f3\"}]},{\"@type\":\"WebSite\",\"@id\":\"https:\\\/\\\/bugpowerstore.hu\\\/#website\",\"url\":\"https:\\\/\\\/bugpowerstore.hu\\\/\",\"name\":\"Bug Power Store\",\"description\":\"\",\"publisher\":{\"@id\":\"https:\\\/\\\/bugpowerstore.hu\\\/#organization\"},\"potentialAction\":[{\"@type\":\"SearchAction\",\"target\":{\"@type\":\"EntryPoint\",\"urlTemplate\":\"https:\\\/\\\/bugpowerstore.hu\\\/?s={search_term_string}\"},\"query-input\":{\"@type\":\"PropertyValueSpecification\",\"valueRequired\":true,\"valueName\":\"search_term_string\"}}],\"inLanguage\":\"en-GB\"},{\"@type\":\"Organization\",\"@id\":\"https:\\\/\\\/bugpowerstore.hu\\\/#organization\",\"name\":\"Bug Power Store\",\"url\":\"https:\\\/\\\/bugpowerstore.hu\\\/\",\"logo\":{\"@type\":\"ImageObject\",\"inLanguage\":\"en-GB\",\"@id\":\"https:\\\/\\\/bugpowerstore.hu\\\/#\\\/schema\\\/logo\\\/image\\\/\",\"url\":\"https:\\\/\\\/bugpowerstore.hu\\\/wp-content\\\/uploads\\\/2024\\\/09\\\/bps-logo.png\",\"contentUrl\":\"https:\\\/\\\/bugpowerstore.hu\\\/wp-content\\\/uploads\\\/2024\\\/09\\\/bps-logo.png\",\"width\":382,\"height\":382,\"caption\":\"Bug Power Store\"},\"image\":{\"@id\":\"https:\\\/\\\/bugpowerstore.hu\\\/#\\\/schema\\\/logo\\\/image\\\/\"},\"sameAs\":[\"https:\\\/\\\/www.facebook.com\\\/profile.php?id=61565662312017\",\"https:\\\/\\\/www.youtube.com\\\/@peterbudahazy4233\"]}]}<\/script>\n<!-- \/ Yoast SEO plugin. -->","yoast_head_json":{"title":"Cookie t\u00e1j\u00e9koztat\u00f3 - Bug Power Store","description":"Ismerje meg a Bug Power Store s\u00fctikezel\u00e9si t\u00e1j\u00e9koztat\u00f3j\u00e1t! R\u00e9szletes inform\u00e1ci\u00f3k a s\u00fctik t\u00edpusair\u00f3l, m\u0171k\u00f6d\u00e9s\u00e9r\u0151l \u00e9s adatv\u00e9delmi be\u00e1ll\u00edt\u00e1sokr\u00f3l, hogy biztons\u00e1gosan b\u00f6ng\u00e9szhessen weboldalunkon.","robots":{"index":"index","follow":"follow","max-snippet":"max-snippet:-1","max-image-preview":"max-image-preview:large","max-video-preview":"max-video-preview:-1"},"canonical":"https:\/\/bugpowerstore.hu\/en\/cookie-tajekoztato\/","og_locale":"en_GB","og_type":"article","og_title":"Cookie t\u00e1j\u00e9koztat\u00f3 - Bug Power Store","og_description":"Ismerje meg a Bug Power Store s\u00fctikezel\u00e9si t\u00e1j\u00e9koztat\u00f3j\u00e1t! R\u00e9szletes inform\u00e1ci\u00f3k a s\u00fctik t\u00edpusair\u00f3l, m\u0171k\u00f6d\u00e9s\u00e9r\u0151l \u00e9s adatv\u00e9delmi be\u00e1ll\u00edt\u00e1sokr\u00f3l, hogy biztons\u00e1gosan b\u00f6ng\u00e9szhessen weboldalunkon.","og_url":"https:\/\/bugpowerstore.hu\/en\/cookie-tajekoztato\/","og_site_name":"Bug Power Store","article_publisher":"https:\/\/www.facebook.com\/profile.php?id=61565662312017","article_modified_time":"2024-11-02T02:22:27+00:00","twitter_card":"summary_large_image","twitter_misc":{"Estimated reading time":"1 minute"},"schema":{"@context":"https:\/\/schema.org","@graph":[{"@type":"WebPage","@id":"https:\/\/bugpowerstore.hu\/cookie-tajekoztato\/","url":"https:\/\/bugpowerstore.hu\/cookie-tajekoztato\/","name":"Cookie t\u00e1j\u00e9koztat\u00f3 - Bug Power Store","isPartOf":{"@id":"https:\/\/bugpowerstore.hu\/#website"},"datePublished":"2024-10-08T07:28:17+00:00","dateModified":"2024-11-02T02:22:27+00:00","description":"Ismerje meg a Bug Power Store s\u00fctikezel\u00e9si t\u00e1j\u00e9koztat\u00f3j\u00e1t! R\u00e9szletes inform\u00e1ci\u00f3k a s\u00fctik t\u00edpusair\u00f3l, m\u0171k\u00f6d\u00e9s\u00e9r\u0151l \u00e9s adatv\u00e9delmi be\u00e1ll\u00edt\u00e1sokr\u00f3l, hogy biztons\u00e1gosan b\u00f6ng\u00e9szhessen weboldalunkon.","breadcrumb":{"@id":"https:\/\/bugpowerstore.hu\/cookie-tajekoztato\/#breadcrumb"},"inLanguage":"en-GB","potentialAction":[{"@type":"ReadAction","target":["https:\/\/bugpowerstore.hu\/cookie-tajekoztato\/"]}]},{"@type":"BreadcrumbList","@id":"https:\/\/bugpowerstore.hu\/cookie-tajekoztato\/#breadcrumb","itemListElement":[{"@type":"ListItem","position":1,"name":"Kezd\u0151lap","item":"https:\/\/bugpowerstore.hu\/"},{"@type":"ListItem","position":2,"name":"Cookie t\u00e1j\u00e9koztat\u00f3"}]},{"@type":"WebSite","@id":"https:\/\/bugpowerstore.hu\/#website","url":"https:\/\/bugpowerstore.hu\/","name":"Bug Power Store","description":"","publisher":{"@id":"https:\/\/bugpowerstore.hu\/#organization"},"potentialAction":[{"@type":"SearchAction","target":{"@type":"EntryPoint","urlTemplate":"https:\/\/bugpowerstore.hu\/?s={search_term_string}"},"query-input":{"@type":"PropertyValueSpecification","valueRequired":true,"valueName":"search_term_string"}}],"inLanguage":"en-GB"},{"@type":"Organization","@id":"https:\/\/bugpowerstore.hu\/#organization","name":"Bug Power Store","url":"https:\/\/bugpowerstore.hu\/","logo":{"@type":"ImageObject","inLanguage":"en-GB","@id":"https:\/\/bugpowerstore.hu\/#\/schema\/logo\/image\/","url":"https:\/\/bugpowerstore.hu\/wp-content\/uploads\/2024\/09\/bps-logo.png","contentUrl":"https:\/\/bugpowerstore.hu\/wp-content\/uploads\/2024\/09\/bps-logo.png","width":382,"height":382,"caption":"Bug Power Store"},"image":{"@id":"https:\/\/bugpowerstore.hu\/#\/schema\/logo\/image\/"},"sameAs":["https:\/\/www.facebook.com\/profile.php?id=61565662312017","https:\/\/www.youtube.com\/@peterbudahazy4233"]}]}},"_links":{"self":[{"href":"https:\/\/bugpowerstore.hu\/en\/wp-json\/wp\/v2\/pages\/257","targetHints":{"allow":["GET"]}}],"collection":[{"href":"https:\/\/bugpowerstore.hu\/en\/wp-json\/wp\/v2\/pages"}],"about":[{"href":"https:\/\/bugpowerstore.hu\/en\/wp-json\/wp\/v2\/types\/page"}],"author":[{"embeddable":true,"href":"https:\/\/bugpowerstore.hu\/en\/wp-json\/wp\/v2\/users\/1"}],"replies":[{"embeddable":true,"href":"https:\/\/bugpowerstore.hu\/en\/wp-json\/wp\/v2\/comments?post=257"}],"version-history":[{"count":1,"href":"https:\/\/bugpowerstore.hu\/en\/wp-json\/wp\/v2\/pages\/257\/revisions"}],"predecessor-version":[{"id":258,"href":"https:\/\/bugpowerstore.hu\/en\/wp-json\/wp\/v2\/pages\/257\/revisions\/258"}],"wp:attachment":[{"href":"https:\/\/bugpowerstore.hu\/en\/wp-json\/wp\/v2\/media?parent=257"}],"curies":[{"name":"wp","href":"https:\/\/api.w.org\/{rel}","templated":true}]}}