{"id":90,"date":"2024-09-29T03:15:22","date_gmt":"2024-09-29T01:15:22","guid":{"rendered":"https:\/\/bugpowerstore.hu\/?page_id=90"},"modified":"2024-11-02T03:42:38","modified_gmt":"2024-11-02T02:42:38","slug":"fooldal","status":"publish","type":"page","link":"https:\/\/bugpowerstore.hu\/en\/","title":{"rendered":"F\u0151oldal"},"content":{"rendered":"","protected":false},"excerpt":{"rendered":"","protected":false},"author":1,"featured_media":0,"parent":0,"menu_order":0,"comment_status":"closed","ping_status":"closed","template":"","meta":{"footnotes":""},"class_list":["post-90","page","type-page","status-publish","hentry"],"yoast_head":"<!-- This site is optimized with the Yoast SEO plugin v27.5 - https:\/\/yoast.com\/product\/yoast-seo-wordpress\/ -->\n<title>F\u0151oldal - Bug Power Store<\/title>\n<meta name=\"description\" content=\"\u00dcdv\u00f6z\u00f6lj\u00fck a Bug Power Store-ban! Fedezze fel a Volkswagen Bog\u00e1r aut\u00f3alkatr\u00e9szek sz\u00e9les v\u00e1laszt\u00e9k\u00e1t, bele\u00e9rtve az eredeti p\u00f3talkatr\u00e9szeket \u00e9s tuning kieg\u00e9sz\u00edt\u0151ket klasszikus Bog\u00e1r modellekhez. Mindent megtal\u00e1l, ami egy VW Bug fel\u00faj\u00edt\u00e1s\u00e1hoz \u00e9s karbantart\u00e1s\u00e1hoz sz\u00fcks\u00e9ges! F\u0151tengelyek, gy\u00fajt\u00e1seloszt\u00f3, hajt\u00f3karok, henger-dugatty\u00fa, hengerfejek, himbasorok, karbur\u00e1tor k\u00e9szletek, karbur\u00e1torok, kipufog\u00f3k, komplett motorblokkok, komplett motorok, tet\u0151csomagtart\u00f3, vez\u00e9rm\u0171tengely k\u00e9szletek.\" \/>\n<meta name=\"robots\" content=\"index, follow, max-snippet:-1, max-image-preview:large, max-video-preview:-1\" \/>\n<link rel=\"canonical\" href=\"https:\/\/bugpowerstore.hu\/en\/\" \/>\n<meta property=\"og:locale\" content=\"en_GB\" \/>\n<meta property=\"og:type\" content=\"article\" \/>\n<meta property=\"og:title\" content=\"F\u0151oldal - Bug Power Store\" \/>\n<meta property=\"og:description\" content=\"\u00dcdv\u00f6z\u00f6lj\u00fck a Bug Power Store-ban! Fedezze fel a Volkswagen Bog\u00e1r aut\u00f3alkatr\u00e9szek sz\u00e9les v\u00e1laszt\u00e9k\u00e1t, bele\u00e9rtve az eredeti p\u00f3talkatr\u00e9szeket \u00e9s tuning kieg\u00e9sz\u00edt\u0151ket klasszikus Bog\u00e1r modellekhez. Mindent megtal\u00e1l, ami egy VW Bug fel\u00faj\u00edt\u00e1s\u00e1hoz \u00e9s karbantart\u00e1s\u00e1hoz sz\u00fcks\u00e9ges! F\u0151tengelyek, gy\u00fajt\u00e1seloszt\u00f3, hajt\u00f3karok, henger-dugatty\u00fa, hengerfejek, himbasorok, karbur\u00e1tor k\u00e9szletek, karbur\u00e1torok, kipufog\u00f3k, komplett motorblokkok, komplett motorok, tet\u0151csomagtart\u00f3, vez\u00e9rm\u0171tengely k\u00e9szletek.\" \/>\n<meta property=\"og:url\" content=\"https:\/\/bugpowerstore.hu\/en\/\" \/>\n<meta property=\"og:site_name\" content=\"Bug Power Store\" \/>\n<meta property=\"article:publisher\" content=\"https:\/\/www.facebook.com\/profile.php?id=61565662312017\" \/>\n<meta property=\"article:modified_time\" content=\"2024-11-02T02:42:38+00:00\" \/>\n<meta name=\"twitter:card\" content=\"summary_large_image\" \/>\n<script type=\"application\/ld+json\" class=\"yoast-schema-graph\">{\"@context\":\"https:\\\/\\\/schema.org\",\"@graph\":[{\"@type\":\"WebPage\",\"@id\":\"https:\\\/\\\/bugpowerstore.hu\\\/\",\"url\":\"https:\\\/\\\/bugpowerstore.hu\\\/\",\"name\":\"F\u0151oldal - Bug Power Store\",\"isPartOf\":{\"@id\":\"https:\\\/\\\/bugpowerstore.hu\\\/#website\"},\"datePublished\":\"2024-09-29T01:15:22+00:00\",\"dateModified\":\"2024-11-02T02:42:38+00:00\",\"description\":\"\u00dcdv\u00f6z\u00f6lj\u00fck a Bug Power Store-ban! Fedezze fel a Volkswagen Bog\u00e1r aut\u00f3alkatr\u00e9szek sz\u00e9les v\u00e1laszt\u00e9k\u00e1t, bele\u00e9rtve az eredeti p\u00f3talkatr\u00e9szeket \u00e9s tuning kieg\u00e9sz\u00edt\u0151ket klasszikus Bog\u00e1r modellekhez. Mindent megtal\u00e1l, ami egy VW Bug fel\u00faj\u00edt\u00e1s\u00e1hoz \u00e9s karbantart\u00e1s\u00e1hoz sz\u00fcks\u00e9ges! F\u0151tengelyek, gy\u00fajt\u00e1seloszt\u00f3, hajt\u00f3karok, henger-dugatty\u00fa, hengerfejek, himbasorok, karbur\u00e1tor k\u00e9szletek, karbur\u00e1torok, kipufog\u00f3k, komplett motorblokkok, komplett motorok, tet\u0151csomagtart\u00f3, vez\u00e9rm\u0171tengely k\u00e9szletek.\",\"breadcrumb\":{\"@id\":\"https:\\\/\\\/bugpowerstore.hu\\\/#breadcrumb\"},\"inLanguage\":\"en-GB\",\"potentialAction\":[{\"@type\":\"ReadAction\",\"target\":[\"https:\\\/\\\/bugpowerstore.hu\\\/\"]}]},{\"@type\":\"BreadcrumbList\",\"@id\":\"https:\\\/\\\/bugpowerstore.hu\\\/#breadcrumb\",\"itemListElement\":[{\"@type\":\"ListItem\",\"position\":1,\"name\":\"Kezd\u0151lap\",\"item\":\"https:\\\/\\\/bugpowerstore.hu\\\/\"},{\"@type\":\"ListItem\",\"position\":2,\"name\":\"F\u0151oldal\"}]},{\"@type\":\"WebSite\",\"@id\":\"https:\\\/\\\/bugpowerstore.hu\\\/#website\",\"url\":\"https:\\\/\\\/bugpowerstore.hu\\\/\",\"name\":\"Bug Power Store\",\"description\":\"\",\"publisher\":{\"@id\":\"https:\\\/\\\/bugpowerstore.hu\\\/#organization\"},\"potentialAction\":[{\"@type\":\"SearchAction\",\"target\":{\"@type\":\"EntryPoint\",\"urlTemplate\":\"https:\\\/\\\/bugpowerstore.hu\\\/?s={search_term_string}\"},\"query-input\":{\"@type\":\"PropertyValueSpecification\",\"valueRequired\":true,\"valueName\":\"search_term_string\"}}],\"inLanguage\":\"en-GB\"},{\"@type\":\"Organization\",\"@id\":\"https:\\\/\\\/bugpowerstore.hu\\\/#organization\",\"name\":\"Bug Power Store\",\"url\":\"https:\\\/\\\/bugpowerstore.hu\\\/\",\"logo\":{\"@type\":\"ImageObject\",\"inLanguage\":\"en-GB\",\"@id\":\"https:\\\/\\\/bugpowerstore.hu\\\/#\\\/schema\\\/logo\\\/image\\\/\",\"url\":\"https:\\\/\\\/bugpowerstore.hu\\\/wp-content\\\/uploads\\\/2024\\\/09\\\/bps-logo.png\",\"contentUrl\":\"https:\\\/\\\/bugpowerstore.hu\\\/wp-content\\\/uploads\\\/2024\\\/09\\\/bps-logo.png\",\"width\":382,\"height\":382,\"caption\":\"Bug Power Store\"},\"image\":{\"@id\":\"https:\\\/\\\/bugpowerstore.hu\\\/#\\\/schema\\\/logo\\\/image\\\/\"},\"sameAs\":[\"https:\\\/\\\/www.facebook.com\\\/profile.php?id=61565662312017\",\"https:\\\/\\\/www.youtube.com\\\/@peterbudahazy4233\"]}]}<\/script>\n<!-- \/ Yoast SEO plugin. -->","yoast_head_json":{"title":"F\u0151oldal - Bug Power Store","description":"\u00dcdv\u00f6z\u00f6lj\u00fck a Bug Power Store-ban! Fedezze fel a Volkswagen Bog\u00e1r aut\u00f3alkatr\u00e9szek sz\u00e9les v\u00e1laszt\u00e9k\u00e1t, bele\u00e9rtve az eredeti p\u00f3talkatr\u00e9szeket \u00e9s tuning kieg\u00e9sz\u00edt\u0151ket klasszikus Bog\u00e1r modellekhez. Mindent megtal\u00e1l, ami egy VW Bug fel\u00faj\u00edt\u00e1s\u00e1hoz \u00e9s karbantart\u00e1s\u00e1hoz sz\u00fcks\u00e9ges! F\u0151tengelyek, gy\u00fajt\u00e1seloszt\u00f3, hajt\u00f3karok, henger-dugatty\u00fa, hengerfejek, himbasorok, karbur\u00e1tor k\u00e9szletek, karbur\u00e1torok, kipufog\u00f3k, komplett motorblokkok, komplett motorok, tet\u0151csomagtart\u00f3, vez\u00e9rm\u0171tengely k\u00e9szletek.","robots":{"index":"index","follow":"follow","max-snippet":"max-snippet:-1","max-image-preview":"max-image-preview:large","max-video-preview":"max-video-preview:-1"},"canonical":"https:\/\/bugpowerstore.hu\/en\/","og_locale":"en_GB","og_type":"article","og_title":"F\u0151oldal - Bug Power Store","og_description":"\u00dcdv\u00f6z\u00f6lj\u00fck a Bug Power Store-ban! Fedezze fel a Volkswagen Bog\u00e1r aut\u00f3alkatr\u00e9szek sz\u00e9les v\u00e1laszt\u00e9k\u00e1t, bele\u00e9rtve az eredeti p\u00f3talkatr\u00e9szeket \u00e9s tuning kieg\u00e9sz\u00edt\u0151ket klasszikus Bog\u00e1r modellekhez. Mindent megtal\u00e1l, ami egy VW Bug fel\u00faj\u00edt\u00e1s\u00e1hoz \u00e9s karbantart\u00e1s\u00e1hoz sz\u00fcks\u00e9ges! F\u0151tengelyek, gy\u00fajt\u00e1seloszt\u00f3, hajt\u00f3karok, henger-dugatty\u00fa, hengerfejek, himbasorok, karbur\u00e1tor k\u00e9szletek, karbur\u00e1torok, kipufog\u00f3k, komplett motorblokkok, komplett motorok, tet\u0151csomagtart\u00f3, vez\u00e9rm\u0171tengely k\u00e9szletek.","og_url":"https:\/\/bugpowerstore.hu\/en\/","og_site_name":"Bug Power Store","article_publisher":"https:\/\/www.facebook.com\/profile.php?id=61565662312017","article_modified_time":"2024-11-02T02:42:38+00:00","twitter_card":"summary_large_image","schema":{"@context":"https:\/\/schema.org","@graph":[{"@type":"WebPage","@id":"https:\/\/bugpowerstore.hu\/","url":"https:\/\/bugpowerstore.hu\/","name":"F\u0151oldal - Bug Power Store","isPartOf":{"@id":"https:\/\/bugpowerstore.hu\/#website"},"datePublished":"2024-09-29T01:15:22+00:00","dateModified":"2024-11-02T02:42:38+00:00","description":"\u00dcdv\u00f6z\u00f6lj\u00fck a Bug Power Store-ban! Fedezze fel a Volkswagen Bog\u00e1r aut\u00f3alkatr\u00e9szek sz\u00e9les v\u00e1laszt\u00e9k\u00e1t, bele\u00e9rtve az eredeti p\u00f3talkatr\u00e9szeket \u00e9s tuning kieg\u00e9sz\u00edt\u0151ket klasszikus Bog\u00e1r modellekhez. Mindent megtal\u00e1l, ami egy VW Bug fel\u00faj\u00edt\u00e1s\u00e1hoz \u00e9s karbantart\u00e1s\u00e1hoz sz\u00fcks\u00e9ges! F\u0151tengelyek, gy\u00fajt\u00e1seloszt\u00f3, hajt\u00f3karok, henger-dugatty\u00fa, hengerfejek, himbasorok, karbur\u00e1tor k\u00e9szletek, karbur\u00e1torok, kipufog\u00f3k, komplett motorblokkok, komplett motorok, tet\u0151csomagtart\u00f3, vez\u00e9rm\u0171tengely k\u00e9szletek.","breadcrumb":{"@id":"https:\/\/bugpowerstore.hu\/#breadcrumb"},"inLanguage":"en-GB","potentialAction":[{"@type":"ReadAction","target":["https:\/\/bugpowerstore.hu\/"]}]},{"@type":"BreadcrumbList","@id":"https:\/\/bugpowerstore.hu\/#breadcrumb","itemListElement":[{"@type":"ListItem","position":1,"name":"Kezd\u0151lap","item":"https:\/\/bugpowerstore.hu\/"},{"@type":"ListItem","position":2,"name":"F\u0151oldal"}]},{"@type":"WebSite","@id":"https:\/\/bugpowerstore.hu\/#website","url":"https:\/\/bugpowerstore.hu\/","name":"Bug Power Store","description":"","publisher":{"@id":"https:\/\/bugpowerstore.hu\/#organization"},"potentialAction":[{"@type":"SearchAction","target":{"@type":"EntryPoint","urlTemplate":"https:\/\/bugpowerstore.hu\/?s={search_term_string}"},"query-input":{"@type":"PropertyValueSpecification","valueRequired":true,"valueName":"search_term_string"}}],"inLanguage":"en-GB"},{"@type":"Organization","@id":"https:\/\/bugpowerstore.hu\/#organization","name":"Bug Power Store","url":"https:\/\/bugpowerstore.hu\/","logo":{"@type":"ImageObject","inLanguage":"en-GB","@id":"https:\/\/bugpowerstore.hu\/#\/schema\/logo\/image\/","url":"https:\/\/bugpowerstore.hu\/wp-content\/uploads\/2024\/09\/bps-logo.png","contentUrl":"https:\/\/bugpowerstore.hu\/wp-content\/uploads\/2024\/09\/bps-logo.png","width":382,"height":382,"caption":"Bug Power Store"},"image":{"@id":"https:\/\/bugpowerstore.hu\/#\/schema\/logo\/image\/"},"sameAs":["https:\/\/www.facebook.com\/profile.php?id=61565662312017","https:\/\/www.youtube.com\/@peterbudahazy4233"]}]}},"_links":{"self":[{"href":"https:\/\/bugpowerstore.hu\/en\/wp-json\/wp\/v2\/pages\/90","targetHints":{"allow":["GET"]}}],"collection":[{"href":"https:\/\/bugpowerstore.hu\/en\/wp-json\/wp\/v2\/pages"}],"about":[{"href":"https:\/\/bugpowerstore.hu\/en\/wp-json\/wp\/v2\/types\/page"}],"author":[{"embeddable":true,"href":"https:\/\/bugpowerstore.hu\/en\/wp-json\/wp\/v2\/users\/1"}],"replies":[{"embeddable":true,"href":"https:\/\/bugpowerstore.hu\/en\/wp-json\/wp\/v2\/comments?post=90"}],"version-history":[{"count":1,"href":"https:\/\/bugpowerstore.hu\/en\/wp-json\/wp\/v2\/pages\/90\/revisions"}],"predecessor-version":[{"id":91,"href":"https:\/\/bugpowerstore.hu\/en\/wp-json\/wp\/v2\/pages\/90\/revisions\/91"}],"wp:attachment":[{"href":"https:\/\/bugpowerstore.hu\/en\/wp-json\/wp\/v2\/media?parent=90"}],"curies":[{"name":"wp","href":"https:\/\/api.w.org\/{rel}","templated":true}]}}