{"id":23,"date":"2024-09-28T04:08:16","date_gmt":"2024-09-28T02:08:16","guid":{"rendered":"https:\/\/bugpowerstore.hu\/?post_type=product&#038;p=23"},"modified":"2025-01-17T13:36:21","modified_gmt":"2025-01-17T12:36:21","slug":"h-beam-h-profil-54-adracing","status":"publish","type":"product","link":"https:\/\/bugpowerstore.hu\/en\/product\/h-beam-h-profil-54-adracing\/","title":{"rendered":"\u201eH\u201d beam (H profil) 5,4\u201d VW pin size"},"content":{"rendered":"<p>4340 forged chrome-molybdenum steel heavy duty crank, 4pcs, for heavy duty motors, with 8 pcs 3\/8\" ARP bolts. Tightening torque: 61Nm.<\/p>","protected":false},"excerpt":{"rendered":"<p>4340 forged chrome-molybdenum steel heavy duty crank, 4pcs, for heavy duty motors, with 8 pcs 3\/8\" ARP bolts. Tightening torque: 61Nm.<\/p>","protected":false},"featured_media":189,"template":"","meta":[],"product_brand":[],"product_cat":[17],"product_tag":[],"class_list":{"0":"post-23","1":"product","2":"type-product","3":"status-publish","4":"has-post-thumbnail","6":"product_cat-hajtokarok","8":"first","9":"instock","10":"taxable","11":"shipping-taxable","12":"purchasable","13":"product-type-simple"},"yoast_head":"<!-- This site is optimized with the Yoast SEO plugin v27.5 - https:\/\/yoast.com\/product\/yoast-seo-wordpress\/ -->\n<title>\u201eH\u201d beam (H profil) 5,4\u201d VW csapm\u00e9ret - Bug Power Store<\/title>\n<meta name=\"robots\" content=\"index, follow, max-snippet:-1, max-image-preview:large, max-video-preview:-1\" \/>\n<link rel=\"canonical\" href=\"https:\/\/bugpowerstore.hu\/en\/product\/h-beam-h-profil-54-adracing\/\" \/>\n<meta property=\"og:locale\" content=\"en_GB\" \/>\n<meta property=\"og:type\" content=\"article\" \/>\n<meta property=\"og:title\" content=\"\u201eH\u201d beam (H profil) 5,4\u201d VW csapm\u00e9ret - Bug Power Store\" \/>\n<meta property=\"og:description\" content=\"4340 kov\u00e1csolt Chrome-molybden ac\u00e9l nagy teherb\u00edr\u00e1s\u00fa hajt\u00f3kar, 4db, nagy terhel\u00e9s\u0171 motorokhoz, 8 db 3\/8\u201d\u2013os ARP csavarral. Megh\u00faz\u00e1si nyomat\u00e9k: 61Nm.\" \/>\n<meta property=\"og:url\" content=\"https:\/\/bugpowerstore.hu\/en\/product\/h-beam-h-profil-54-adracing\/\" \/>\n<meta property=\"og:site_name\" content=\"Bug Power Store\" \/>\n<meta property=\"article:publisher\" content=\"https:\/\/www.facebook.com\/profile.php?id=61565662312017\" \/>\n<meta property=\"article:modified_time\" content=\"2025-01-17T12:36:21+00:00\" \/>\n<meta property=\"og:image\" content=\"https:\/\/bugpowerstore.hu\/wp-content\/uploads\/2024\/09\/DSC_0332.jpg\" \/>\n\t<meta property=\"og:image:width\" content=\"2256\" \/>\n\t<meta property=\"og:image:height\" content=\"1496\" \/>\n\t<meta property=\"og:image:type\" content=\"image\/jpeg\" \/>\n<meta name=\"twitter:card\" content=\"summary_large_image\" \/>\n<meta name=\"twitter:label1\" content=\"Estimated reading time\" \/>\n\t<meta name=\"twitter:data1\" content=\"1 minute\" \/>\n<script type=\"application\/ld+json\" class=\"yoast-schema-graph\">{\"@context\":\"https:\\\/\\\/schema.org\",\"@graph\":[{\"@type\":\"WebPage\",\"@id\":\"https:\\\/\\\/bugpowerstore.hu\\\/termek\\\/h-beam-h-profil-54-adracing\\\/\",\"url\":\"https:\\\/\\\/bugpowerstore.hu\\\/termek\\\/h-beam-h-profil-54-adracing\\\/\",\"name\":\"\u201eH\u201d beam (H profil) 5,4\u201d VW csapm\u00e9ret - Bug Power Store\",\"isPartOf\":{\"@id\":\"https:\\\/\\\/bugpowerstore.hu\\\/#website\"},\"primaryImageOfPage\":{\"@id\":\"https:\\\/\\\/bugpowerstore.hu\\\/termek\\\/h-beam-h-profil-54-adracing\\\/#primaryimage\"},\"image\":{\"@id\":\"https:\\\/\\\/bugpowerstore.hu\\\/termek\\\/h-beam-h-profil-54-adracing\\\/#primaryimage\"},\"thumbnailUrl\":\"https:\\\/\\\/bugpowerstore.hu\\\/wp-content\\\/uploads\\\/2024\\\/09\\\/DSC_0332.jpg\",\"datePublished\":\"2024-09-28T02:08:16+00:00\",\"dateModified\":\"2025-01-17T12:36:21+00:00\",\"breadcrumb\":{\"@id\":\"https:\\\/\\\/bugpowerstore.hu\\\/termek\\\/h-beam-h-profil-54-adracing\\\/#breadcrumb\"},\"inLanguage\":\"en-GB\",\"potentialAction\":[{\"@type\":\"ReadAction\",\"target\":[\"https:\\\/\\\/bugpowerstore.hu\\\/termek\\\/h-beam-h-profil-54-adracing\\\/\"]}]},{\"@type\":\"ImageObject\",\"inLanguage\":\"en-GB\",\"@id\":\"https:\\\/\\\/bugpowerstore.hu\\\/termek\\\/h-beam-h-profil-54-adracing\\\/#primaryimage\",\"url\":\"https:\\\/\\\/bugpowerstore.hu\\\/wp-content\\\/uploads\\\/2024\\\/09\\\/DSC_0332.jpg\",\"contentUrl\":\"https:\\\/\\\/bugpowerstore.hu\\\/wp-content\\\/uploads\\\/2024\\\/09\\\/DSC_0332.jpg\",\"width\":2256,\"height\":1496},{\"@type\":\"BreadcrumbList\",\"@id\":\"https:\\\/\\\/bugpowerstore.hu\\\/termek\\\/h-beam-h-profil-54-adracing\\\/#breadcrumb\",\"itemListElement\":[{\"@type\":\"ListItem\",\"position\":1,\"name\":\"Kezd\u0151lap\",\"item\":\"https:\\\/\\\/bugpowerstore.hu\\\/\"},{\"@type\":\"ListItem\",\"position\":2,\"name\":\"Shop\",\"item\":\"https:\\\/\\\/bugpowerstore.hu\\\/uzlet\\\/\"},{\"@type\":\"ListItem\",\"position\":3,\"name\":\"\u201eH\u201d beam (H profil) 5,4\u201d VW csapm\u00e9ret\"}]},{\"@type\":\"WebSite\",\"@id\":\"https:\\\/\\\/bugpowerstore.hu\\\/#website\",\"url\":\"https:\\\/\\\/bugpowerstore.hu\\\/\",\"name\":\"Bug Power Store\",\"description\":\"\",\"publisher\":{\"@id\":\"https:\\\/\\\/bugpowerstore.hu\\\/#organization\"},\"potentialAction\":[{\"@type\":\"SearchAction\",\"target\":{\"@type\":\"EntryPoint\",\"urlTemplate\":\"https:\\\/\\\/bugpowerstore.hu\\\/?s={search_term_string}\"},\"query-input\":{\"@type\":\"PropertyValueSpecification\",\"valueRequired\":true,\"valueName\":\"search_term_string\"}}],\"inLanguage\":\"en-GB\"},{\"@type\":\"Organization\",\"@id\":\"https:\\\/\\\/bugpowerstore.hu\\\/#organization\",\"name\":\"Bug Power Store\",\"url\":\"https:\\\/\\\/bugpowerstore.hu\\\/\",\"logo\":{\"@type\":\"ImageObject\",\"inLanguage\":\"en-GB\",\"@id\":\"https:\\\/\\\/bugpowerstore.hu\\\/#\\\/schema\\\/logo\\\/image\\\/\",\"url\":\"https:\\\/\\\/bugpowerstore.hu\\\/wp-content\\\/uploads\\\/2024\\\/09\\\/bps-logo.png\",\"contentUrl\":\"https:\\\/\\\/bugpowerstore.hu\\\/wp-content\\\/uploads\\\/2024\\\/09\\\/bps-logo.png\",\"width\":382,\"height\":382,\"caption\":\"Bug Power Store\"},\"image\":{\"@id\":\"https:\\\/\\\/bugpowerstore.hu\\\/#\\\/schema\\\/logo\\\/image\\\/\"},\"sameAs\":[\"https:\\\/\\\/www.facebook.com\\\/profile.php?id=61565662312017\",\"https:\\\/\\\/www.youtube.com\\\/@peterbudahazy4233\"]}]}<\/script>\n<!-- \/ Yoast SEO plugin. -->","yoast_head_json":{"title":"\u201eH\u201d beam (H profil) 5,4\u201d VW csapm\u00e9ret - Bug Power Store","robots":{"index":"index","follow":"follow","max-snippet":"max-snippet:-1","max-image-preview":"max-image-preview:large","max-video-preview":"max-video-preview:-1"},"canonical":"https:\/\/bugpowerstore.hu\/en\/product\/h-beam-h-profil-54-adracing\/","og_locale":"en_GB","og_type":"article","og_title":"\u201eH\u201d beam (H profil) 5,4\u201d VW csapm\u00e9ret - Bug Power Store","og_description":"4340 kov\u00e1csolt Chrome-molybden ac\u00e9l nagy teherb\u00edr\u00e1s\u00fa hajt\u00f3kar, 4db, nagy terhel\u00e9s\u0171 motorokhoz, 8 db 3\/8\u201d\u2013os ARP csavarral. Megh\u00faz\u00e1si nyomat\u00e9k: 61Nm.","og_url":"https:\/\/bugpowerstore.hu\/en\/product\/h-beam-h-profil-54-adracing\/","og_site_name":"Bug Power Store","article_publisher":"https:\/\/www.facebook.com\/profile.php?id=61565662312017","article_modified_time":"2025-01-17T12:36:21+00:00","og_image":[{"width":2256,"height":1496,"url":"https:\/\/bugpowerstore.hu\/wp-content\/uploads\/2024\/09\/DSC_0332.jpg","type":"image\/jpeg"}],"twitter_card":"summary_large_image","twitter_misc":{"Estimated reading time":"1 minute"},"schema":{"@context":"https:\/\/schema.org","@graph":[{"@type":"WebPage","@id":"https:\/\/bugpowerstore.hu\/termek\/h-beam-h-profil-54-adracing\/","url":"https:\/\/bugpowerstore.hu\/termek\/h-beam-h-profil-54-adracing\/","name":"\u201eH\u201d beam (H profil) 5,4\u201d VW csapm\u00e9ret - Bug Power Store","isPartOf":{"@id":"https:\/\/bugpowerstore.hu\/#website"},"primaryImageOfPage":{"@id":"https:\/\/bugpowerstore.hu\/termek\/h-beam-h-profil-54-adracing\/#primaryimage"},"image":{"@id":"https:\/\/bugpowerstore.hu\/termek\/h-beam-h-profil-54-adracing\/#primaryimage"},"thumbnailUrl":"https:\/\/bugpowerstore.hu\/wp-content\/uploads\/2024\/09\/DSC_0332.jpg","datePublished":"2024-09-28T02:08:16+00:00","dateModified":"2025-01-17T12:36:21+00:00","breadcrumb":{"@id":"https:\/\/bugpowerstore.hu\/termek\/h-beam-h-profil-54-adracing\/#breadcrumb"},"inLanguage":"en-GB","potentialAction":[{"@type":"ReadAction","target":["https:\/\/bugpowerstore.hu\/termek\/h-beam-h-profil-54-adracing\/"]}]},{"@type":"ImageObject","inLanguage":"en-GB","@id":"https:\/\/bugpowerstore.hu\/termek\/h-beam-h-profil-54-adracing\/#primaryimage","url":"https:\/\/bugpowerstore.hu\/wp-content\/uploads\/2024\/09\/DSC_0332.jpg","contentUrl":"https:\/\/bugpowerstore.hu\/wp-content\/uploads\/2024\/09\/DSC_0332.jpg","width":2256,"height":1496},{"@type":"BreadcrumbList","@id":"https:\/\/bugpowerstore.hu\/termek\/h-beam-h-profil-54-adracing\/#breadcrumb","itemListElement":[{"@type":"ListItem","position":1,"name":"Kezd\u0151lap","item":"https:\/\/bugpowerstore.hu\/"},{"@type":"ListItem","position":2,"name":"Shop","item":"https:\/\/bugpowerstore.hu\/uzlet\/"},{"@type":"ListItem","position":3,"name":"\u201eH\u201d beam (H profil) 5,4\u201d VW csapm\u00e9ret"}]},{"@type":"WebSite","@id":"https:\/\/bugpowerstore.hu\/#website","url":"https:\/\/bugpowerstore.hu\/","name":"Bug Power Store","description":"","publisher":{"@id":"https:\/\/bugpowerstore.hu\/#organization"},"potentialAction":[{"@type":"SearchAction","target":{"@type":"EntryPoint","urlTemplate":"https:\/\/bugpowerstore.hu\/?s={search_term_string}"},"query-input":{"@type":"PropertyValueSpecification","valueRequired":true,"valueName":"search_term_string"}}],"inLanguage":"en-GB"},{"@type":"Organization","@id":"https:\/\/bugpowerstore.hu\/#organization","name":"Bug Power Store","url":"https:\/\/bugpowerstore.hu\/","logo":{"@type":"ImageObject","inLanguage":"en-GB","@id":"https:\/\/bugpowerstore.hu\/#\/schema\/logo\/image\/","url":"https:\/\/bugpowerstore.hu\/wp-content\/uploads\/2024\/09\/bps-logo.png","contentUrl":"https:\/\/bugpowerstore.hu\/wp-content\/uploads\/2024\/09\/bps-logo.png","width":382,"height":382,"caption":"Bug Power Store"},"image":{"@id":"https:\/\/bugpowerstore.hu\/#\/schema\/logo\/image\/"},"sameAs":["https:\/\/www.facebook.com\/profile.php?id=61565662312017","https:\/\/www.youtube.com\/@peterbudahazy4233"]}]}},"_links":{"self":[{"href":"https:\/\/bugpowerstore.hu\/en\/wp-json\/wp\/v2\/product\/23","targetHints":{"allow":["GET"]}}],"collection":[{"href":"https:\/\/bugpowerstore.hu\/en\/wp-json\/wp\/v2\/product"}],"about":[{"href":"https:\/\/bugpowerstore.hu\/en\/wp-json\/wp\/v2\/types\/product"}],"wp:featuredmedia":[{"embeddable":true,"href":"https:\/\/bugpowerstore.hu\/en\/wp-json\/wp\/v2\/media\/189"}],"wp:attachment":[{"href":"https:\/\/bugpowerstore.hu\/en\/wp-json\/wp\/v2\/media?parent=23"}],"wp:term":[{"taxonomy":"product_brand","embeddable":true,"href":"https:\/\/bugpowerstore.hu\/en\/wp-json\/wp\/v2\/product_brand?post=23"},{"taxonomy":"product_cat","embeddable":true,"href":"https:\/\/bugpowerstore.hu\/en\/wp-json\/wp\/v2\/product_cat?post=23"},{"taxonomy":"product_tag","embeddable":true,"href":"https:\/\/bugpowerstore.hu\/en\/wp-json\/wp\/v2\/product_tag?post=23"}],"curies":[{"name":"wp","href":"https:\/\/api.w.org\/{rel}","templated":true}]}}