{"id":38,"date":"2024-09-28T04:14:48","date_gmt":"2024-09-28T02:14:48","guid":{"rendered":"https:\/\/bugpowerstore.hu\/?post_type=product&#038;p=38"},"modified":"2025-04-30T18:13:45","modified_gmt":"2025-04-30T16:13:45","slug":"92x82mm-aa-performance","status":"publish","type":"product","link":"https:\/\/bugpowerstore.hu\/en\/product\/92x82mm-aa-performance\/","title":{"rendered":"92x82mm AA Performance"},"content":{"rendered":"<p>92x82mm AA Performance 2180cm3<br \/>\n4pcs hypereutectic alu. cast piston with rings<br \/>\n4pcs cylinders<br \/>\n4pcs pin 22mm<br \/>\n8pcs seger ring<br \/>\ntop 98mm bottom 96mm<br \/>\nRendelhet\u0151 2-3 h\u00e9t<\/p>","protected":false},"excerpt":{"rendered":"<p>92x82mm AA Performance 2180cm3 4db hipereutektikus alu. \u00f6ntv\u00e9ny dugatty\u00fa, gy\u0171r\u0171kkel 4db henger 4db csapszeg 22mm 8db seger gy\u0171r\u0171 fel\u00fcl 98mm alul 96mm Rendelhet\u0151 2-3 h\u00e9t<\/p>","protected":false},"featured_media":197,"template":"","meta":[],"product_brand":[],"product_cat":[19],"product_tag":[],"class_list":{"0":"post-38","1":"product","2":"type-product","3":"status-publish","4":"has-post-thumbnail","6":"product_cat-henger-dugattyu","8":"first","9":"instock","10":"taxable","11":"shipping-taxable","12":"purchasable","13":"product-type-simple"},"yoast_head":"<!-- This site is optimized with the Yoast SEO plugin v27.5 - https:\/\/yoast.com\/product\/yoast-seo-wordpress\/ -->\n<title>92x82mm AA Performance - Bug Power Store<\/title>\n<meta name=\"robots\" content=\"index, follow, max-snippet:-1, max-image-preview:large, max-video-preview:-1\" \/>\n<link rel=\"canonical\" href=\"https:\/\/bugpowerstore.hu\/en\/product\/92x82mm-aa-performance\/\" \/>\n<meta property=\"og:locale\" content=\"en_GB\" \/>\n<meta property=\"og:type\" content=\"article\" \/>\n<meta property=\"og:title\" content=\"92x82mm AA Performance - Bug Power Store\" \/>\n<meta property=\"og:description\" content=\"92x82mm AA Performance 2180cm3 4db hipereutektikus alu. \u00f6ntv\u00e9ny dugatty\u00fa, gy\u0171r\u0171kkel 4db henger 4db csapszeg 22mm 8db seger gy\u0171r\u0171 fel\u00fcl 98mm alul 96mm Rendelhet\u0151 2-3 h\u00e9t\" \/>\n<meta property=\"og:url\" content=\"https:\/\/bugpowerstore.hu\/en\/product\/92x82mm-aa-performance\/\" \/>\n<meta property=\"og:site_name\" content=\"Bug Power Store\" \/>\n<meta property=\"article:publisher\" content=\"https:\/\/www.facebook.com\/profile.php?id=61565662312017\" \/>\n<meta property=\"article:modified_time\" content=\"2025-04-30T16:13:45+00:00\" \/>\n<meta property=\"og:image\" content=\"https:\/\/bugpowerstore.hu\/wp-content\/uploads\/2024\/09\/DSC_0341.jpg\" \/>\n\t<meta property=\"og:image:width\" content=\"2256\" \/>\n\t<meta property=\"og:image:height\" content=\"1496\" \/>\n\t<meta property=\"og:image:type\" content=\"image\/jpeg\" \/>\n<meta name=\"twitter:card\" content=\"summary_large_image\" \/>\n<meta name=\"twitter:label1\" content=\"Estimated reading time\" \/>\n\t<meta name=\"twitter:data1\" content=\"1 minute\" \/>\n<script type=\"application\/ld+json\" class=\"yoast-schema-graph\">{\"@context\":\"https:\\\/\\\/schema.org\",\"@graph\":[{\"@type\":\"WebPage\",\"@id\":\"https:\\\/\\\/bugpowerstore.hu\\\/termek\\\/92x82mm-aa-performance\\\/\",\"url\":\"https:\\\/\\\/bugpowerstore.hu\\\/termek\\\/92x82mm-aa-performance\\\/\",\"name\":\"92x82mm AA Performance - Bug Power Store\",\"isPartOf\":{\"@id\":\"https:\\\/\\\/bugpowerstore.hu\\\/#website\"},\"primaryImageOfPage\":{\"@id\":\"https:\\\/\\\/bugpowerstore.hu\\\/termek\\\/92x82mm-aa-performance\\\/#primaryimage\"},\"image\":{\"@id\":\"https:\\\/\\\/bugpowerstore.hu\\\/termek\\\/92x82mm-aa-performance\\\/#primaryimage\"},\"thumbnailUrl\":\"https:\\\/\\\/bugpowerstore.hu\\\/wp-content\\\/uploads\\\/2024\\\/09\\\/DSC_0341.jpg\",\"datePublished\":\"2024-09-28T02:14:48+00:00\",\"dateModified\":\"2025-04-30T16:13:45+00:00\",\"breadcrumb\":{\"@id\":\"https:\\\/\\\/bugpowerstore.hu\\\/termek\\\/92x82mm-aa-performance\\\/#breadcrumb\"},\"inLanguage\":\"en-GB\",\"potentialAction\":[{\"@type\":\"ReadAction\",\"target\":[\"https:\\\/\\\/bugpowerstore.hu\\\/termek\\\/92x82mm-aa-performance\\\/\"]}]},{\"@type\":\"ImageObject\",\"inLanguage\":\"en-GB\",\"@id\":\"https:\\\/\\\/bugpowerstore.hu\\\/termek\\\/92x82mm-aa-performance\\\/#primaryimage\",\"url\":\"https:\\\/\\\/bugpowerstore.hu\\\/wp-content\\\/uploads\\\/2024\\\/09\\\/DSC_0341.jpg\",\"contentUrl\":\"https:\\\/\\\/bugpowerstore.hu\\\/wp-content\\\/uploads\\\/2024\\\/09\\\/DSC_0341.jpg\",\"width\":2256,\"height\":1496},{\"@type\":\"BreadcrumbList\",\"@id\":\"https:\\\/\\\/bugpowerstore.hu\\\/termek\\\/92x82mm-aa-performance\\\/#breadcrumb\",\"itemListElement\":[{\"@type\":\"ListItem\",\"position\":1,\"name\":\"Kezd\u0151lap\",\"item\":\"https:\\\/\\\/bugpowerstore.hu\\\/\"},{\"@type\":\"ListItem\",\"position\":2,\"name\":\"Shop\",\"item\":\"https:\\\/\\\/bugpowerstore.hu\\\/uzlet\\\/\"},{\"@type\":\"ListItem\",\"position\":3,\"name\":\"92x82mm AA Performance\"}]},{\"@type\":\"WebSite\",\"@id\":\"https:\\\/\\\/bugpowerstore.hu\\\/#website\",\"url\":\"https:\\\/\\\/bugpowerstore.hu\\\/\",\"name\":\"Bug Power Store\",\"description\":\"\",\"publisher\":{\"@id\":\"https:\\\/\\\/bugpowerstore.hu\\\/#organization\"},\"potentialAction\":[{\"@type\":\"SearchAction\",\"target\":{\"@type\":\"EntryPoint\",\"urlTemplate\":\"https:\\\/\\\/bugpowerstore.hu\\\/?s={search_term_string}\"},\"query-input\":{\"@type\":\"PropertyValueSpecification\",\"valueRequired\":true,\"valueName\":\"search_term_string\"}}],\"inLanguage\":\"en-GB\"},{\"@type\":\"Organization\",\"@id\":\"https:\\\/\\\/bugpowerstore.hu\\\/#organization\",\"name\":\"Bug Power Store\",\"url\":\"https:\\\/\\\/bugpowerstore.hu\\\/\",\"logo\":{\"@type\":\"ImageObject\",\"inLanguage\":\"en-GB\",\"@id\":\"https:\\\/\\\/bugpowerstore.hu\\\/#\\\/schema\\\/logo\\\/image\\\/\",\"url\":\"https:\\\/\\\/bugpowerstore.hu\\\/wp-content\\\/uploads\\\/2024\\\/09\\\/bps-logo.png\",\"contentUrl\":\"https:\\\/\\\/bugpowerstore.hu\\\/wp-content\\\/uploads\\\/2024\\\/09\\\/bps-logo.png\",\"width\":382,\"height\":382,\"caption\":\"Bug Power Store\"},\"image\":{\"@id\":\"https:\\\/\\\/bugpowerstore.hu\\\/#\\\/schema\\\/logo\\\/image\\\/\"},\"sameAs\":[\"https:\\\/\\\/www.facebook.com\\\/profile.php?id=61565662312017\",\"https:\\\/\\\/www.youtube.com\\\/@peterbudahazy4233\"]}]}<\/script>\n<!-- \/ Yoast SEO plugin. -->","yoast_head_json":{"title":"92x82mm AA Performance - Bug Power Store","robots":{"index":"index","follow":"follow","max-snippet":"max-snippet:-1","max-image-preview":"max-image-preview:large","max-video-preview":"max-video-preview:-1"},"canonical":"https:\/\/bugpowerstore.hu\/en\/product\/92x82mm-aa-performance\/","og_locale":"en_GB","og_type":"article","og_title":"92x82mm AA Performance - Bug Power Store","og_description":"92x82mm AA Performance 2180cm3 4db hipereutektikus alu. \u00f6ntv\u00e9ny dugatty\u00fa, gy\u0171r\u0171kkel 4db henger 4db csapszeg 22mm 8db seger gy\u0171r\u0171 fel\u00fcl 98mm alul 96mm Rendelhet\u0151 2-3 h\u00e9t","og_url":"https:\/\/bugpowerstore.hu\/en\/product\/92x82mm-aa-performance\/","og_site_name":"Bug Power Store","article_publisher":"https:\/\/www.facebook.com\/profile.php?id=61565662312017","article_modified_time":"2025-04-30T16:13:45+00:00","og_image":[{"width":2256,"height":1496,"url":"https:\/\/bugpowerstore.hu\/wp-content\/uploads\/2024\/09\/DSC_0341.jpg","type":"image\/jpeg"}],"twitter_card":"summary_large_image","twitter_misc":{"Estimated reading time":"1 minute"},"schema":{"@context":"https:\/\/schema.org","@graph":[{"@type":"WebPage","@id":"https:\/\/bugpowerstore.hu\/termek\/92x82mm-aa-performance\/","url":"https:\/\/bugpowerstore.hu\/termek\/92x82mm-aa-performance\/","name":"92x82mm AA Performance - Bug Power Store","isPartOf":{"@id":"https:\/\/bugpowerstore.hu\/#website"},"primaryImageOfPage":{"@id":"https:\/\/bugpowerstore.hu\/termek\/92x82mm-aa-performance\/#primaryimage"},"image":{"@id":"https:\/\/bugpowerstore.hu\/termek\/92x82mm-aa-performance\/#primaryimage"},"thumbnailUrl":"https:\/\/bugpowerstore.hu\/wp-content\/uploads\/2024\/09\/DSC_0341.jpg","datePublished":"2024-09-28T02:14:48+00:00","dateModified":"2025-04-30T16:13:45+00:00","breadcrumb":{"@id":"https:\/\/bugpowerstore.hu\/termek\/92x82mm-aa-performance\/#breadcrumb"},"inLanguage":"en-GB","potentialAction":[{"@type":"ReadAction","target":["https:\/\/bugpowerstore.hu\/termek\/92x82mm-aa-performance\/"]}]},{"@type":"ImageObject","inLanguage":"en-GB","@id":"https:\/\/bugpowerstore.hu\/termek\/92x82mm-aa-performance\/#primaryimage","url":"https:\/\/bugpowerstore.hu\/wp-content\/uploads\/2024\/09\/DSC_0341.jpg","contentUrl":"https:\/\/bugpowerstore.hu\/wp-content\/uploads\/2024\/09\/DSC_0341.jpg","width":2256,"height":1496},{"@type":"BreadcrumbList","@id":"https:\/\/bugpowerstore.hu\/termek\/92x82mm-aa-performance\/#breadcrumb","itemListElement":[{"@type":"ListItem","position":1,"name":"Kezd\u0151lap","item":"https:\/\/bugpowerstore.hu\/"},{"@type":"ListItem","position":2,"name":"Shop","item":"https:\/\/bugpowerstore.hu\/uzlet\/"},{"@type":"ListItem","position":3,"name":"92x82mm AA Performance"}]},{"@type":"WebSite","@id":"https:\/\/bugpowerstore.hu\/#website","url":"https:\/\/bugpowerstore.hu\/","name":"Bug Power Store","description":"","publisher":{"@id":"https:\/\/bugpowerstore.hu\/#organization"},"potentialAction":[{"@type":"SearchAction","target":{"@type":"EntryPoint","urlTemplate":"https:\/\/bugpowerstore.hu\/?s={search_term_string}"},"query-input":{"@type":"PropertyValueSpecification","valueRequired":true,"valueName":"search_term_string"}}],"inLanguage":"en-GB"},{"@type":"Organization","@id":"https:\/\/bugpowerstore.hu\/#organization","name":"Bug Power Store","url":"https:\/\/bugpowerstore.hu\/","logo":{"@type":"ImageObject","inLanguage":"en-GB","@id":"https:\/\/bugpowerstore.hu\/#\/schema\/logo\/image\/","url":"https:\/\/bugpowerstore.hu\/wp-content\/uploads\/2024\/09\/bps-logo.png","contentUrl":"https:\/\/bugpowerstore.hu\/wp-content\/uploads\/2024\/09\/bps-logo.png","width":382,"height":382,"caption":"Bug Power Store"},"image":{"@id":"https:\/\/bugpowerstore.hu\/#\/schema\/logo\/image\/"},"sameAs":["https:\/\/www.facebook.com\/profile.php?id=61565662312017","https:\/\/www.youtube.com\/@peterbudahazy4233"]}]}},"_links":{"self":[{"href":"https:\/\/bugpowerstore.hu\/en\/wp-json\/wp\/v2\/product\/38","targetHints":{"allow":["GET"]}}],"collection":[{"href":"https:\/\/bugpowerstore.hu\/en\/wp-json\/wp\/v2\/product"}],"about":[{"href":"https:\/\/bugpowerstore.hu\/en\/wp-json\/wp\/v2\/types\/product"}],"wp:featuredmedia":[{"embeddable":true,"href":"https:\/\/bugpowerstore.hu\/en\/wp-json\/wp\/v2\/media\/197"}],"wp:attachment":[{"href":"https:\/\/bugpowerstore.hu\/en\/wp-json\/wp\/v2\/media?parent=38"}],"wp:term":[{"taxonomy":"product_brand","embeddable":true,"href":"https:\/\/bugpowerstore.hu\/en\/wp-json\/wp\/v2\/product_brand?post=38"},{"taxonomy":"product_cat","embeddable":true,"href":"https:\/\/bugpowerstore.hu\/en\/wp-json\/wp\/v2\/product_cat?post=38"},{"taxonomy":"product_tag","embeddable":true,"href":"https:\/\/bugpowerstore.hu\/en\/wp-json\/wp\/v2\/product_tag?post=38"}],"curies":[{"name":"wp","href":"https:\/\/api.w.org\/{rel}","templated":true}]}}