{"id":53,"date":"2024-09-28T04:20:17","date_gmt":"2024-09-28T02:20:17","guid":{"rendered":"https:\/\/bugpowerstore.hu\/?post_type=product&#038;p=53"},"modified":"2025-04-30T18:07:57","modified_gmt":"2025-04-30T16:07:57","slug":"idf40","status":"publish","type":"product","link":"https:\/\/bugpowerstore.hu\/en\/product\/idf40\/","title":{"rendered":"IDF40"},"content":{"rendered":"<p>FAJS IDF 40 carburettor. Optimized for VW Beetle. Comes from factory with 115 main jet between 80-100 hp (110 jet between 60-70 hp, 120-135 jet above 100 hp up to about 140 hp). Carburettor is ready to use but needs fine tuning (synchronisation, idle mixture, accelerator injection, possible main jet replacement, depending on engine size and power). The above description applies to installation in pairs.<br \/>\nRendelhet\u0151 2-3 h\u00e9t<\/p>","protected":false},"excerpt":{"rendered":"<p>FAJS IDF 40 karbur\u00e1tor. VW bog\u00e1rhoz optimaliz\u00e1lva. Gy\u00e1rilag 115-\u00f6s f\u0151f\u00fav\u00f3k\u00e1val 80-100 l\u00f3er\u0151 k\u00f6z\u00f6tt. (110 es f\u00fav\u00f3k\u00e1val 60-70 l\u00f3er\u0151 k\u00f6z\u00f6tt, 120-135 \u00f6s f\u00fav\u00f3ka 100 l\u00f3er\u0151 f\u00f6l\u00f6tt kb 140 l\u00f3er\u0151ig). A karbur\u00e1tor haszn\u00e1latra k\u00e9sz, de finomhangol\u00e1st ig\u00e9nyel (szinkroniz\u00e1l\u00e1s, alapj\u00e1rati kever\u00e9k, gyors\u00edt\u00f3 befecskendez\u00e9s, esetleges f\u0151f\u00fav\u00f3ka csere, motorm\u00e9rett\u0151l \u00e9s teljes\u00edtm\u00e9nyt\u0151l f\u00fcgg\u0151en). Fenti le\u00edr\u00e1s p\u00e1rban t\u00f6rt\u00e9n\u0151 felszerel\u00e9s eset\u00e9re vonatkozik. Rendelhet\u0151 [&hellip;]<\/p>\n","protected":false},"featured_media":231,"template":"","meta":[],"product_brand":[],"product_cat":[23],"product_tag":[],"class_list":{"0":"post-53","1":"product","2":"type-product","3":"status-publish","4":"has-post-thumbnail","6":"product_cat-karburatorok","8":"first","9":"instock","10":"taxable","11":"shipping-taxable","12":"purchasable","13":"product-type-simple"},"yoast_head":"<!-- This site is optimized with the Yoast SEO plugin v27.5 - https:\/\/yoast.com\/product\/yoast-seo-wordpress\/ -->\n<title>IDF40 - Bug Power Store<\/title>\n<meta name=\"robots\" content=\"index, follow, max-snippet:-1, max-image-preview:large, max-video-preview:-1\" \/>\n<link rel=\"canonical\" href=\"https:\/\/bugpowerstore.hu\/en\/product\/idf40\/\" \/>\n<meta property=\"og:locale\" content=\"en_GB\" \/>\n<meta property=\"og:type\" content=\"article\" \/>\n<meta property=\"og:title\" content=\"IDF40 - Bug Power Store\" \/>\n<meta property=\"og:description\" content=\"FAJS IDF 40 karbur\u00e1tor. VW bog\u00e1rhoz optimaliz\u00e1lva. Gy\u00e1rilag 115-\u00f6s f\u0151f\u00fav\u00f3k\u00e1val 80-100 l\u00f3er\u0151 k\u00f6z\u00f6tt. (110 es f\u00fav\u00f3k\u00e1val 60-70 l\u00f3er\u0151 k\u00f6z\u00f6tt, 120-135 \u00f6s f\u00fav\u00f3ka 100 l\u00f3er\u0151 f\u00f6l\u00f6tt kb 140 l\u00f3er\u0151ig). A karbur\u00e1tor haszn\u00e1latra k\u00e9sz, de finomhangol\u00e1st ig\u00e9nyel (szinkroniz\u00e1l\u00e1s, alapj\u00e1rati kever\u00e9k, gyors\u00edt\u00f3 befecskendez\u00e9s, esetleges f\u0151f\u00fav\u00f3ka csere, motorm\u00e9rett\u0151l \u00e9s teljes\u00edtm\u00e9nyt\u0151l f\u00fcgg\u0151en). Fenti le\u00edr\u00e1s p\u00e1rban t\u00f6rt\u00e9n\u0151 felszerel\u00e9s eset\u00e9re vonatkozik. Rendelhet\u0151 [&hellip;]\" \/>\n<meta property=\"og:url\" content=\"https:\/\/bugpowerstore.hu\/en\/product\/idf40\/\" \/>\n<meta property=\"og:site_name\" content=\"Bug Power Store\" \/>\n<meta property=\"article:publisher\" content=\"https:\/\/www.facebook.com\/profile.php?id=61565662312017\" \/>\n<meta property=\"article:modified_time\" content=\"2025-04-30T16:07:57+00:00\" \/>\n<meta property=\"og:image\" content=\"https:\/\/bugpowerstore.hu\/wp-content\/uploads\/2024\/09\/DSC_0328.jpg\" \/>\n\t<meta property=\"og:image:width\" content=\"2256\" \/>\n\t<meta property=\"og:image:height\" content=\"1496\" \/>\n\t<meta property=\"og:image:type\" content=\"image\/jpeg\" \/>\n<meta name=\"twitter:card\" content=\"summary_large_image\" \/>\n<meta name=\"twitter:label1\" content=\"Estimated reading time\" \/>\n\t<meta name=\"twitter:data1\" content=\"1 minute\" \/>\n<script type=\"application\/ld+json\" class=\"yoast-schema-graph\">{\"@context\":\"https:\\\/\\\/schema.org\",\"@graph\":[{\"@type\":\"WebPage\",\"@id\":\"https:\\\/\\\/bugpowerstore.hu\\\/termek\\\/idf40\\\/\",\"url\":\"https:\\\/\\\/bugpowerstore.hu\\\/termek\\\/idf40\\\/\",\"name\":\"IDF40 - Bug Power Store\",\"isPartOf\":{\"@id\":\"https:\\\/\\\/bugpowerstore.hu\\\/#website\"},\"primaryImageOfPage\":{\"@id\":\"https:\\\/\\\/bugpowerstore.hu\\\/termek\\\/idf40\\\/#primaryimage\"},\"image\":{\"@id\":\"https:\\\/\\\/bugpowerstore.hu\\\/termek\\\/idf40\\\/#primaryimage\"},\"thumbnailUrl\":\"https:\\\/\\\/bugpowerstore.hu\\\/wp-content\\\/uploads\\\/2024\\\/09\\\/DSC_0328.jpg\",\"datePublished\":\"2024-09-28T02:20:17+00:00\",\"dateModified\":\"2025-04-30T16:07:57+00:00\",\"breadcrumb\":{\"@id\":\"https:\\\/\\\/bugpowerstore.hu\\\/termek\\\/idf40\\\/#breadcrumb\"},\"inLanguage\":\"en-GB\",\"potentialAction\":[{\"@type\":\"ReadAction\",\"target\":[\"https:\\\/\\\/bugpowerstore.hu\\\/termek\\\/idf40\\\/\"]}]},{\"@type\":\"ImageObject\",\"inLanguage\":\"en-GB\",\"@id\":\"https:\\\/\\\/bugpowerstore.hu\\\/termek\\\/idf40\\\/#primaryimage\",\"url\":\"https:\\\/\\\/bugpowerstore.hu\\\/wp-content\\\/uploads\\\/2024\\\/09\\\/DSC_0328.jpg\",\"contentUrl\":\"https:\\\/\\\/bugpowerstore.hu\\\/wp-content\\\/uploads\\\/2024\\\/09\\\/DSC_0328.jpg\",\"width\":2256,\"height\":1496},{\"@type\":\"BreadcrumbList\",\"@id\":\"https:\\\/\\\/bugpowerstore.hu\\\/termek\\\/idf40\\\/#breadcrumb\",\"itemListElement\":[{\"@type\":\"ListItem\",\"position\":1,\"name\":\"Kezd\u0151lap\",\"item\":\"https:\\\/\\\/bugpowerstore.hu\\\/\"},{\"@type\":\"ListItem\",\"position\":2,\"name\":\"Shop\",\"item\":\"https:\\\/\\\/bugpowerstore.hu\\\/uzlet\\\/\"},{\"@type\":\"ListItem\",\"position\":3,\"name\":\"IDF40\"}]},{\"@type\":\"WebSite\",\"@id\":\"https:\\\/\\\/bugpowerstore.hu\\\/#website\",\"url\":\"https:\\\/\\\/bugpowerstore.hu\\\/\",\"name\":\"Bug Power Store\",\"description\":\"\",\"publisher\":{\"@id\":\"https:\\\/\\\/bugpowerstore.hu\\\/#organization\"},\"potentialAction\":[{\"@type\":\"SearchAction\",\"target\":{\"@type\":\"EntryPoint\",\"urlTemplate\":\"https:\\\/\\\/bugpowerstore.hu\\\/?s={search_term_string}\"},\"query-input\":{\"@type\":\"PropertyValueSpecification\",\"valueRequired\":true,\"valueName\":\"search_term_string\"}}],\"inLanguage\":\"en-GB\"},{\"@type\":\"Organization\",\"@id\":\"https:\\\/\\\/bugpowerstore.hu\\\/#organization\",\"name\":\"Bug Power Store\",\"url\":\"https:\\\/\\\/bugpowerstore.hu\\\/\",\"logo\":{\"@type\":\"ImageObject\",\"inLanguage\":\"en-GB\",\"@id\":\"https:\\\/\\\/bugpowerstore.hu\\\/#\\\/schema\\\/logo\\\/image\\\/\",\"url\":\"https:\\\/\\\/bugpowerstore.hu\\\/wp-content\\\/uploads\\\/2024\\\/09\\\/bps-logo.png\",\"contentUrl\":\"https:\\\/\\\/bugpowerstore.hu\\\/wp-content\\\/uploads\\\/2024\\\/09\\\/bps-logo.png\",\"width\":382,\"height\":382,\"caption\":\"Bug Power Store\"},\"image\":{\"@id\":\"https:\\\/\\\/bugpowerstore.hu\\\/#\\\/schema\\\/logo\\\/image\\\/\"},\"sameAs\":[\"https:\\\/\\\/www.facebook.com\\\/profile.php?id=61565662312017\",\"https:\\\/\\\/www.youtube.com\\\/@peterbudahazy4233\"]}]}<\/script>\n<!-- \/ Yoast SEO plugin. -->","yoast_head_json":{"title":"IDF40 - Bug Power Store","robots":{"index":"index","follow":"follow","max-snippet":"max-snippet:-1","max-image-preview":"max-image-preview:large","max-video-preview":"max-video-preview:-1"},"canonical":"https:\/\/bugpowerstore.hu\/en\/product\/idf40\/","og_locale":"en_GB","og_type":"article","og_title":"IDF40 - Bug Power Store","og_description":"FAJS IDF 40 karbur\u00e1tor. VW bog\u00e1rhoz optimaliz\u00e1lva. Gy\u00e1rilag 115-\u00f6s f\u0151f\u00fav\u00f3k\u00e1val 80-100 l\u00f3er\u0151 k\u00f6z\u00f6tt. (110 es f\u00fav\u00f3k\u00e1val 60-70 l\u00f3er\u0151 k\u00f6z\u00f6tt, 120-135 \u00f6s f\u00fav\u00f3ka 100 l\u00f3er\u0151 f\u00f6l\u00f6tt kb 140 l\u00f3er\u0151ig). A karbur\u00e1tor haszn\u00e1latra k\u00e9sz, de finomhangol\u00e1st ig\u00e9nyel (szinkroniz\u00e1l\u00e1s, alapj\u00e1rati kever\u00e9k, gyors\u00edt\u00f3 befecskendez\u00e9s, esetleges f\u0151f\u00fav\u00f3ka csere, motorm\u00e9rett\u0151l \u00e9s teljes\u00edtm\u00e9nyt\u0151l f\u00fcgg\u0151en). Fenti le\u00edr\u00e1s p\u00e1rban t\u00f6rt\u00e9n\u0151 felszerel\u00e9s eset\u00e9re vonatkozik. Rendelhet\u0151 [&hellip;]","og_url":"https:\/\/bugpowerstore.hu\/en\/product\/idf40\/","og_site_name":"Bug Power Store","article_publisher":"https:\/\/www.facebook.com\/profile.php?id=61565662312017","article_modified_time":"2025-04-30T16:07:57+00:00","og_image":[{"width":2256,"height":1496,"url":"https:\/\/bugpowerstore.hu\/wp-content\/uploads\/2024\/09\/DSC_0328.jpg","type":"image\/jpeg"}],"twitter_card":"summary_large_image","twitter_misc":{"Estimated reading time":"1 minute"},"schema":{"@context":"https:\/\/schema.org","@graph":[{"@type":"WebPage","@id":"https:\/\/bugpowerstore.hu\/termek\/idf40\/","url":"https:\/\/bugpowerstore.hu\/termek\/idf40\/","name":"IDF40 - Bug Power Store","isPartOf":{"@id":"https:\/\/bugpowerstore.hu\/#website"},"primaryImageOfPage":{"@id":"https:\/\/bugpowerstore.hu\/termek\/idf40\/#primaryimage"},"image":{"@id":"https:\/\/bugpowerstore.hu\/termek\/idf40\/#primaryimage"},"thumbnailUrl":"https:\/\/bugpowerstore.hu\/wp-content\/uploads\/2024\/09\/DSC_0328.jpg","datePublished":"2024-09-28T02:20:17+00:00","dateModified":"2025-04-30T16:07:57+00:00","breadcrumb":{"@id":"https:\/\/bugpowerstore.hu\/termek\/idf40\/#breadcrumb"},"inLanguage":"en-GB","potentialAction":[{"@type":"ReadAction","target":["https:\/\/bugpowerstore.hu\/termek\/idf40\/"]}]},{"@type":"ImageObject","inLanguage":"en-GB","@id":"https:\/\/bugpowerstore.hu\/termek\/idf40\/#primaryimage","url":"https:\/\/bugpowerstore.hu\/wp-content\/uploads\/2024\/09\/DSC_0328.jpg","contentUrl":"https:\/\/bugpowerstore.hu\/wp-content\/uploads\/2024\/09\/DSC_0328.jpg","width":2256,"height":1496},{"@type":"BreadcrumbList","@id":"https:\/\/bugpowerstore.hu\/termek\/idf40\/#breadcrumb","itemListElement":[{"@type":"ListItem","position":1,"name":"Kezd\u0151lap","item":"https:\/\/bugpowerstore.hu\/"},{"@type":"ListItem","position":2,"name":"Shop","item":"https:\/\/bugpowerstore.hu\/uzlet\/"},{"@type":"ListItem","position":3,"name":"IDF40"}]},{"@type":"WebSite","@id":"https:\/\/bugpowerstore.hu\/#website","url":"https:\/\/bugpowerstore.hu\/","name":"Bug Power Store","description":"","publisher":{"@id":"https:\/\/bugpowerstore.hu\/#organization"},"potentialAction":[{"@type":"SearchAction","target":{"@type":"EntryPoint","urlTemplate":"https:\/\/bugpowerstore.hu\/?s={search_term_string}"},"query-input":{"@type":"PropertyValueSpecification","valueRequired":true,"valueName":"search_term_string"}}],"inLanguage":"en-GB"},{"@type":"Organization","@id":"https:\/\/bugpowerstore.hu\/#organization","name":"Bug Power Store","url":"https:\/\/bugpowerstore.hu\/","logo":{"@type":"ImageObject","inLanguage":"en-GB","@id":"https:\/\/bugpowerstore.hu\/#\/schema\/logo\/image\/","url":"https:\/\/bugpowerstore.hu\/wp-content\/uploads\/2024\/09\/bps-logo.png","contentUrl":"https:\/\/bugpowerstore.hu\/wp-content\/uploads\/2024\/09\/bps-logo.png","width":382,"height":382,"caption":"Bug Power Store"},"image":{"@id":"https:\/\/bugpowerstore.hu\/#\/schema\/logo\/image\/"},"sameAs":["https:\/\/www.facebook.com\/profile.php?id=61565662312017","https:\/\/www.youtube.com\/@peterbudahazy4233"]}]}},"_links":{"self":[{"href":"https:\/\/bugpowerstore.hu\/en\/wp-json\/wp\/v2\/product\/53","targetHints":{"allow":["GET"]}}],"collection":[{"href":"https:\/\/bugpowerstore.hu\/en\/wp-json\/wp\/v2\/product"}],"about":[{"href":"https:\/\/bugpowerstore.hu\/en\/wp-json\/wp\/v2\/types\/product"}],"wp:featuredmedia":[{"embeddable":true,"href":"https:\/\/bugpowerstore.hu\/en\/wp-json\/wp\/v2\/media\/231"}],"wp:attachment":[{"href":"https:\/\/bugpowerstore.hu\/en\/wp-json\/wp\/v2\/media?parent=53"}],"wp:term":[{"taxonomy":"product_brand","embeddable":true,"href":"https:\/\/bugpowerstore.hu\/en\/wp-json\/wp\/v2\/product_brand?post=53"},{"taxonomy":"product_cat","embeddable":true,"href":"https:\/\/bugpowerstore.hu\/en\/wp-json\/wp\/v2\/product_cat?post=53"},{"taxonomy":"product_tag","embeddable":true,"href":"https:\/\/bugpowerstore.hu\/en\/wp-json\/wp\/v2\/product_tag?post=53"}],"curies":[{"name":"wp","href":"https:\/\/api.w.org\/{rel}","templated":true}]}}