{"id":67,"date":"2024-09-28T04:27:17","date_gmt":"2024-09-28T02:27:17","guid":{"rendered":"https:\/\/bugpowerstore.hu\/?post_type=product&#038;p=67"},"modified":"2025-12-08T08:25:03","modified_gmt":"2025-12-08T07:25:03","slug":"1641cm3-es-motorkb-75le","status":"publish","type":"product","link":"https:\/\/bugpowerstore.hu\/en\/product\/1641cm3-es-motorkb-75le\/","title":{"rendered":"1641cc engine (~75Hp)"},"content":{"rendered":"<p>-Eredeti AS41-es magn\u00e9zium blokk<br \/>\n-ground crankshaft<br \/>\n-\u00daj k\u00f6nny\u00edtett 200-as lendker\u00e9k<br \/>\n-New idler and crank bearings<br \/>\n-New sport camshaft Engle W110<br \/>\n-New drive shaft bearings<br \/>\n-New AA Performance or EMPI jacks<br \/>\n-New EMPI Chromoly pushrods<br \/>\n-New 1:1.25 ratio rockers<br \/>\n-New 1641cc AA Performance cylinder piston kit<br \/>\n-New double-port cylinder heads with reworked channels 40\/35.5mm stainless AA Performance valves, AA Performance reinforced valve springs<br \/>\n-New oil filter filter cover<br \/>\n-New Magna Spark II distributor<br \/>\n-New AC pump<br \/>\n-New generator 75A<br \/>\n-New IDF40 carburettor kit with AA Performance coupling<br \/>\n-all enclosures are powder coated<br \/>\n- \u00faj 30le style ventil\u00e1torh\u00e1z<br \/>\n-all seals are new<br \/>\n-without engine number<br \/>\n-\u00faj rozsdamentes Gt tip. kipufog\u00f3rendszerrel:<br \/>\nFree delivery<br \/>\nBe\u00e9p\u00edt\u00e9s:200.000,-Ft-ig<br \/>\n- rendel\u00e9sre, kb. 30-60nap<\/p>","protected":false},"excerpt":{"rendered":"<p>-Eredeti AS41-es magn\u00e9zium blokk -k\u00f6sz\u00f6r\u00fclt f\u0151tengely -\u00daj k\u00f6nny\u00edtett 200-as lendker\u00e9k -\u00daj nyugv\u00f3 \u00e9s hajt\u00f3karcsap\u00e1gyak -\u00daj sport vez\u00e9rm\u0171trengely Engle W110 -\u00daj vez. tengely csap\u00e1gyak -\u00daj AA Performance vagy EMPI emel\u0151t\u0151k\u00e9k -\u00daj EMPI Chromoly l\u00f6k\u0151rudak -\u00daj 1:1,25 himb\u00e1k -\u00daj 1641cm3 AA Performance henger dugatty\u00fa k\u00e9szlet -\u00daj duplasz\u00edv\u00f3s hengerfejek \u00e1tdolgozott csatorn\u00e1kkal 40\/35,5mm-es rozsdamentes AA Performance szelepekkel, AA Performance [&hellip;]<\/p>\n","protected":false},"featured_media":167,"template":"","meta":[],"product_brand":[],"product_cat":[26],"product_tag":[],"class_list":{"0":"post-67","1":"product","2":"type-product","3":"status-publish","4":"has-post-thumbnail","6":"product_cat-komplett-motorok","8":"first","9":"instock","10":"taxable","11":"shipping-taxable","12":"purchasable","13":"product-type-simple"},"yoast_head":"<!-- This site is optimized with the Yoast SEO plugin v27.5 - https:\/\/yoast.com\/product\/yoast-seo-wordpress\/ -->\n<title>1641cm3-es motor(kb.75Le) - Bug Power Store<\/title>\n<meta name=\"robots\" content=\"index, follow, max-snippet:-1, max-image-preview:large, max-video-preview:-1\" \/>\n<link rel=\"canonical\" href=\"https:\/\/bugpowerstore.hu\/en\/product\/1641cm3-es-motorkb-75le\/\" \/>\n<meta property=\"og:locale\" content=\"en_GB\" \/>\n<meta property=\"og:type\" content=\"article\" \/>\n<meta property=\"og:title\" content=\"1641cm3-es motor(kb.75Le) - Bug Power Store\" \/>\n<meta property=\"og:description\" content=\"-Eredeti AS41-es magn\u00e9zium blokk -k\u00f6sz\u00f6r\u00fclt f\u0151tengely -\u00daj k\u00f6nny\u00edtett 200-as lendker\u00e9k -\u00daj nyugv\u00f3 \u00e9s hajt\u00f3karcsap\u00e1gyak -\u00daj sport vez\u00e9rm\u0171trengely Engle W110 -\u00daj vez. tengely csap\u00e1gyak -\u00daj AA Performance vagy EMPI emel\u0151t\u0151k\u00e9k -\u00daj EMPI Chromoly l\u00f6k\u0151rudak -\u00daj 1:1,25 himb\u00e1k -\u00daj 1641cm3 AA Performance henger dugatty\u00fa k\u00e9szlet -\u00daj duplasz\u00edv\u00f3s hengerfejek \u00e1tdolgozott csatorn\u00e1kkal 40\/35,5mm-es rozsdamentes AA Performance szelepekkel, AA Performance [&hellip;]\" \/>\n<meta property=\"og:url\" content=\"https:\/\/bugpowerstore.hu\/en\/product\/1641cm3-es-motorkb-75le\/\" \/>\n<meta property=\"og:site_name\" content=\"Bug Power Store\" \/>\n<meta property=\"article:publisher\" content=\"https:\/\/www.facebook.com\/profile.php?id=61565662312017\" \/>\n<meta property=\"article:modified_time\" content=\"2025-12-08T07:25:03+00:00\" \/>\n<meta property=\"og:image\" content=\"https:\/\/bugpowerstore.hu\/wp-content\/uploads\/2024\/09\/DSC_0827.jpg\" \/>\n\t<meta property=\"og:image:width\" content=\"2256\" \/>\n\t<meta property=\"og:image:height\" content=\"1496\" \/>\n\t<meta property=\"og:image:type\" content=\"image\/jpeg\" \/>\n<meta name=\"twitter:card\" content=\"summary_large_image\" \/>\n<meta name=\"twitter:label1\" content=\"Estimated reading time\" \/>\n\t<meta name=\"twitter:data1\" content=\"1 minute\" \/>\n<script type=\"application\/ld+json\" class=\"yoast-schema-graph\">{\"@context\":\"https:\\\/\\\/schema.org\",\"@graph\":[{\"@type\":\"WebPage\",\"@id\":\"https:\\\/\\\/bugpowerstore.hu\\\/termek\\\/1641cm3-es-motorkb-75le\\\/\",\"url\":\"https:\\\/\\\/bugpowerstore.hu\\\/termek\\\/1641cm3-es-motorkb-75le\\\/\",\"name\":\"1641cm3-es motor(kb.75Le) - Bug Power Store\",\"isPartOf\":{\"@id\":\"https:\\\/\\\/bugpowerstore.hu\\\/#website\"},\"primaryImageOfPage\":{\"@id\":\"https:\\\/\\\/bugpowerstore.hu\\\/termek\\\/1641cm3-es-motorkb-75le\\\/#primaryimage\"},\"image\":{\"@id\":\"https:\\\/\\\/bugpowerstore.hu\\\/termek\\\/1641cm3-es-motorkb-75le\\\/#primaryimage\"},\"thumbnailUrl\":\"https:\\\/\\\/bugpowerstore.hu\\\/wp-content\\\/uploads\\\/2024\\\/09\\\/DSC_0827.jpg\",\"datePublished\":\"2024-09-28T02:27:17+00:00\",\"dateModified\":\"2025-12-08T07:25:03+00:00\",\"breadcrumb\":{\"@id\":\"https:\\\/\\\/bugpowerstore.hu\\\/termek\\\/1641cm3-es-motorkb-75le\\\/#breadcrumb\"},\"inLanguage\":\"en-GB\",\"potentialAction\":[{\"@type\":\"ReadAction\",\"target\":[\"https:\\\/\\\/bugpowerstore.hu\\\/termek\\\/1641cm3-es-motorkb-75le\\\/\"]}]},{\"@type\":\"ImageObject\",\"inLanguage\":\"en-GB\",\"@id\":\"https:\\\/\\\/bugpowerstore.hu\\\/termek\\\/1641cm3-es-motorkb-75le\\\/#primaryimage\",\"url\":\"https:\\\/\\\/bugpowerstore.hu\\\/wp-content\\\/uploads\\\/2024\\\/09\\\/DSC_0827.jpg\",\"contentUrl\":\"https:\\\/\\\/bugpowerstore.hu\\\/wp-content\\\/uploads\\\/2024\\\/09\\\/DSC_0827.jpg\",\"width\":2256,\"height\":1496},{\"@type\":\"BreadcrumbList\",\"@id\":\"https:\\\/\\\/bugpowerstore.hu\\\/termek\\\/1641cm3-es-motorkb-75le\\\/#breadcrumb\",\"itemListElement\":[{\"@type\":\"ListItem\",\"position\":1,\"name\":\"Kezd\u0151lap\",\"item\":\"https:\\\/\\\/bugpowerstore.hu\\\/\"},{\"@type\":\"ListItem\",\"position\":2,\"name\":\"Shop\",\"item\":\"https:\\\/\\\/bugpowerstore.hu\\\/uzlet\\\/\"},{\"@type\":\"ListItem\",\"position\":3,\"name\":\"1641cm3-es motor(kb.75Le)\"}]},{\"@type\":\"WebSite\",\"@id\":\"https:\\\/\\\/bugpowerstore.hu\\\/#website\",\"url\":\"https:\\\/\\\/bugpowerstore.hu\\\/\",\"name\":\"Bug Power Store\",\"description\":\"\",\"publisher\":{\"@id\":\"https:\\\/\\\/bugpowerstore.hu\\\/#organization\"},\"potentialAction\":[{\"@type\":\"SearchAction\",\"target\":{\"@type\":\"EntryPoint\",\"urlTemplate\":\"https:\\\/\\\/bugpowerstore.hu\\\/?s={search_term_string}\"},\"query-input\":{\"@type\":\"PropertyValueSpecification\",\"valueRequired\":true,\"valueName\":\"search_term_string\"}}],\"inLanguage\":\"en-GB\"},{\"@type\":\"Organization\",\"@id\":\"https:\\\/\\\/bugpowerstore.hu\\\/#organization\",\"name\":\"Bug Power Store\",\"url\":\"https:\\\/\\\/bugpowerstore.hu\\\/\",\"logo\":{\"@type\":\"ImageObject\",\"inLanguage\":\"en-GB\",\"@id\":\"https:\\\/\\\/bugpowerstore.hu\\\/#\\\/schema\\\/logo\\\/image\\\/\",\"url\":\"https:\\\/\\\/bugpowerstore.hu\\\/wp-content\\\/uploads\\\/2024\\\/09\\\/bps-logo.png\",\"contentUrl\":\"https:\\\/\\\/bugpowerstore.hu\\\/wp-content\\\/uploads\\\/2024\\\/09\\\/bps-logo.png\",\"width\":382,\"height\":382,\"caption\":\"Bug Power Store\"},\"image\":{\"@id\":\"https:\\\/\\\/bugpowerstore.hu\\\/#\\\/schema\\\/logo\\\/image\\\/\"},\"sameAs\":[\"https:\\\/\\\/www.facebook.com\\\/profile.php?id=61565662312017\",\"https:\\\/\\\/www.youtube.com\\\/@peterbudahazy4233\"]}]}<\/script>\n<!-- \/ Yoast SEO plugin. -->","yoast_head_json":{"title":"1641cm3-es motor(kb.75Le) - Bug Power Store","robots":{"index":"index","follow":"follow","max-snippet":"max-snippet:-1","max-image-preview":"max-image-preview:large","max-video-preview":"max-video-preview:-1"},"canonical":"https:\/\/bugpowerstore.hu\/en\/product\/1641cm3-es-motorkb-75le\/","og_locale":"en_GB","og_type":"article","og_title":"1641cm3-es motor(kb.75Le) - Bug Power Store","og_description":"-Eredeti AS41-es magn\u00e9zium blokk -k\u00f6sz\u00f6r\u00fclt f\u0151tengely -\u00daj k\u00f6nny\u00edtett 200-as lendker\u00e9k -\u00daj nyugv\u00f3 \u00e9s hajt\u00f3karcsap\u00e1gyak -\u00daj sport vez\u00e9rm\u0171trengely Engle W110 -\u00daj vez. tengely csap\u00e1gyak -\u00daj AA Performance vagy EMPI emel\u0151t\u0151k\u00e9k -\u00daj EMPI Chromoly l\u00f6k\u0151rudak -\u00daj 1:1,25 himb\u00e1k -\u00daj 1641cm3 AA Performance henger dugatty\u00fa k\u00e9szlet -\u00daj duplasz\u00edv\u00f3s hengerfejek \u00e1tdolgozott csatorn\u00e1kkal 40\/35,5mm-es rozsdamentes AA Performance szelepekkel, AA Performance [&hellip;]","og_url":"https:\/\/bugpowerstore.hu\/en\/product\/1641cm3-es-motorkb-75le\/","og_site_name":"Bug Power Store","article_publisher":"https:\/\/www.facebook.com\/profile.php?id=61565662312017","article_modified_time":"2025-12-08T07:25:03+00:00","og_image":[{"width":2256,"height":1496,"url":"https:\/\/bugpowerstore.hu\/wp-content\/uploads\/2024\/09\/DSC_0827.jpg","type":"image\/jpeg"}],"twitter_card":"summary_large_image","twitter_misc":{"Estimated reading time":"1 minute"},"schema":{"@context":"https:\/\/schema.org","@graph":[{"@type":"WebPage","@id":"https:\/\/bugpowerstore.hu\/termek\/1641cm3-es-motorkb-75le\/","url":"https:\/\/bugpowerstore.hu\/termek\/1641cm3-es-motorkb-75le\/","name":"1641cm3-es motor(kb.75Le) - Bug Power Store","isPartOf":{"@id":"https:\/\/bugpowerstore.hu\/#website"},"primaryImageOfPage":{"@id":"https:\/\/bugpowerstore.hu\/termek\/1641cm3-es-motorkb-75le\/#primaryimage"},"image":{"@id":"https:\/\/bugpowerstore.hu\/termek\/1641cm3-es-motorkb-75le\/#primaryimage"},"thumbnailUrl":"https:\/\/bugpowerstore.hu\/wp-content\/uploads\/2024\/09\/DSC_0827.jpg","datePublished":"2024-09-28T02:27:17+00:00","dateModified":"2025-12-08T07:25:03+00:00","breadcrumb":{"@id":"https:\/\/bugpowerstore.hu\/termek\/1641cm3-es-motorkb-75le\/#breadcrumb"},"inLanguage":"en-GB","potentialAction":[{"@type":"ReadAction","target":["https:\/\/bugpowerstore.hu\/termek\/1641cm3-es-motorkb-75le\/"]}]},{"@type":"ImageObject","inLanguage":"en-GB","@id":"https:\/\/bugpowerstore.hu\/termek\/1641cm3-es-motorkb-75le\/#primaryimage","url":"https:\/\/bugpowerstore.hu\/wp-content\/uploads\/2024\/09\/DSC_0827.jpg","contentUrl":"https:\/\/bugpowerstore.hu\/wp-content\/uploads\/2024\/09\/DSC_0827.jpg","width":2256,"height":1496},{"@type":"BreadcrumbList","@id":"https:\/\/bugpowerstore.hu\/termek\/1641cm3-es-motorkb-75le\/#breadcrumb","itemListElement":[{"@type":"ListItem","position":1,"name":"Kezd\u0151lap","item":"https:\/\/bugpowerstore.hu\/"},{"@type":"ListItem","position":2,"name":"Shop","item":"https:\/\/bugpowerstore.hu\/uzlet\/"},{"@type":"ListItem","position":3,"name":"1641cm3-es motor(kb.75Le)"}]},{"@type":"WebSite","@id":"https:\/\/bugpowerstore.hu\/#website","url":"https:\/\/bugpowerstore.hu\/","name":"Bug Power Store","description":"","publisher":{"@id":"https:\/\/bugpowerstore.hu\/#organization"},"potentialAction":[{"@type":"SearchAction","target":{"@type":"EntryPoint","urlTemplate":"https:\/\/bugpowerstore.hu\/?s={search_term_string}"},"query-input":{"@type":"PropertyValueSpecification","valueRequired":true,"valueName":"search_term_string"}}],"inLanguage":"en-GB"},{"@type":"Organization","@id":"https:\/\/bugpowerstore.hu\/#organization","name":"Bug Power Store","url":"https:\/\/bugpowerstore.hu\/","logo":{"@type":"ImageObject","inLanguage":"en-GB","@id":"https:\/\/bugpowerstore.hu\/#\/schema\/logo\/image\/","url":"https:\/\/bugpowerstore.hu\/wp-content\/uploads\/2024\/09\/bps-logo.png","contentUrl":"https:\/\/bugpowerstore.hu\/wp-content\/uploads\/2024\/09\/bps-logo.png","width":382,"height":382,"caption":"Bug Power Store"},"image":{"@id":"https:\/\/bugpowerstore.hu\/#\/schema\/logo\/image\/"},"sameAs":["https:\/\/www.facebook.com\/profile.php?id=61565662312017","https:\/\/www.youtube.com\/@peterbudahazy4233"]}]}},"_links":{"self":[{"href":"https:\/\/bugpowerstore.hu\/en\/wp-json\/wp\/v2\/product\/67","targetHints":{"allow":["GET"]}}],"collection":[{"href":"https:\/\/bugpowerstore.hu\/en\/wp-json\/wp\/v2\/product"}],"about":[{"href":"https:\/\/bugpowerstore.hu\/en\/wp-json\/wp\/v2\/types\/product"}],"wp:featuredmedia":[{"embeddable":true,"href":"https:\/\/bugpowerstore.hu\/en\/wp-json\/wp\/v2\/media\/167"}],"wp:attachment":[{"href":"https:\/\/bugpowerstore.hu\/en\/wp-json\/wp\/v2\/media?parent=67"}],"wp:term":[{"taxonomy":"product_brand","embeddable":true,"href":"https:\/\/bugpowerstore.hu\/en\/wp-json\/wp\/v2\/product_brand?post=67"},{"taxonomy":"product_cat","embeddable":true,"href":"https:\/\/bugpowerstore.hu\/en\/wp-json\/wp\/v2\/product_cat?post=67"},{"taxonomy":"product_tag","embeddable":true,"href":"https:\/\/bugpowerstore.hu\/en\/wp-json\/wp\/v2\/product_tag?post=67"}],"curies":[{"name":"wp","href":"https:\/\/api.w.org\/{rel}","templated":true}]}}